{"id":7514,"date":"2024-08-18T00:24:42","date_gmt":"2024-08-18T04:24:42","guid":{"rendered":"https:\/\/babamna.org\/?page_id=7514"},"modified":"2024-08-20T08:21:46","modified_gmt":"2024-08-20T12:21:46","slug":"babamna-convention-atlanta-2024-booklet","status":"publish","type":"page","link":"https:\/\/babamna.org\/fr\/babamna-convention-atlanta-2024-booklet\/","title":{"rendered":"BABAMNA Convention Atlanta 2024 Booklet"},"content":{"rendered":"<div data-elementor-type=\"wp-page\" data-elementor-id=\"7514\" class=\"elementor elementor-7514\" data-elementor-post-type=\"page\">\n\t\t\t\t<div class=\"has_ae_slider elementor-element elementor-element-aa92955 e-flex e-con-boxed ae-bg-gallery-type-default e-con e-parent\" data-id=\"aa92955\" data-element_type=\"container\" data-settings=\"{&quot;background_background&quot;:&quot;classic&quot;}\">\n\t\t\t\t\t<div class=\"e-con-inner\">\n\t\t\t\t<div class=\"elementor-element elementor-element-9e19e4e elementor-invisible elementor-widget elementor-widget-heading\" data-id=\"9e19e4e\" data-element_type=\"widget\" data-settings=\"{&quot;_animation&quot;:&quot;fadeInUp&quot;}\" data-widget_type=\"heading.default\">\n\t\t\t\t<div class=\"elementor-widget-container\">\n\t\t\t\t\t<h3 class=\"elementor-heading-title elementor-size-default\">CONVENTION BABAMNA, ATLANTA 2024 BROCHURE<\/h3>\t\t\t\t<\/div>\n\t\t\t\t<\/div>\n\t\t\t\t\t<\/div>\n\t\t\t\t<\/div>\n\t\t<div class=\"has_ae_slider elementor-element elementor-element-10c1327 e-flex e-con-boxed ae-bg-gallery-type-default e-con e-parent\" data-id=\"10c1327\" data-element_type=\"container\">\n\t\t\t\t\t<div class=\"e-con-inner\">\n\t\t\t\t<div class=\"elementor-element elementor-element-19afac7 elementor-view-default elementor-position-top elementor-mobile-position-top elementor-invisible elementor-widget elementor-widget-icon-box\" data-id=\"19afac7\" data-element_type=\"widget\" data-settings=\"{&quot;_animation&quot;:&quot;fadeInUp&quot;}\" data-widget_type=\"icon-box.default\">\n\t\t\t\t<div class=\"elementor-widget-container\">\n\t\t\t\t\t\t\t<div class=\"elementor-icon-box-wrapper\">\n\n\t\t\t\t\t\t<div class=\"elementor-icon-box-icon\">\n\t\t\t\t<a href=\"https:\/\/babamna.org\/wp-content\/uploads\/2024\/08\/BABAMNA-CONVENTION-ATLANTA-2024-Booklet.pdf\" target=\"_blank\" class=\"elementor-icon\" tabindex=\"-1\">\n\t\t\t\t<i aria-hidden=\"true\" class=\"fas fa-download\"><\/i>\t\t\t\t<\/a>\n\t\t\t<\/div>\n\t\t\t\n\t\t\t\t\t\t<div class=\"elementor-icon-box-content\">\n\n\t\t\t\t\n\t\t\t\t\t\t\t\t\t<p class=\"elementor-icon-box-description\">\n\t\t\t\t\t\tT\u00e9l\u00e9charger la version anglaise au format PDF\t\t\t\t\t<\/p>\n\t\t\t\t\n\t\t\t<\/div>\n\t\t\t\n\t\t<\/div>\n\t\t\t\t\t\t<\/div>\n\t\t\t\t<\/div>\n\t\t\t\t<div class=\"elementor-element elementor-element-6cf2b41 elementor-view-default elementor-position-top elementor-mobile-position-top elementor-invisible elementor-widget elementor-widget-icon-box\" data-id=\"6cf2b41\" data-element_type=\"widget\" data-settings=\"{&quot;_animation&quot;:&quot;fadeInUp&quot;}\" data-widget_type=\"icon-box.default\">\n\t\t\t\t<div class=\"elementor-widget-container\">\n\t\t\t\t\t\t\t<div class=\"elementor-icon-box-wrapper\">\n\n\t\t\t\t\t\t<div class=\"elementor-icon-box-icon\">\n\t\t\t\t<a href=\"https:\/\/babamna.org\/wp-content\/uploads\/2024\/08\/ATLANTA-2024-Booklet-FR.pdf\" class=\"elementor-icon\" tabindex=\"-1\">\n\t\t\t\t<i aria-hidden=\"true\" class=\"fas fa-download\"><\/i>\t\t\t\t<\/a>\n\t\t\t<\/div>\n\t\t\t\n\t\t\t\t\t\t<div class=\"elementor-icon-box-content\">\n\n\t\t\t\t\n\t\t\t\t\t\t\t\t\t<p class=\"elementor-icon-box-description\">\n\t\t\t\t\t\tT\u00e9l\u00e9charger la version fran\u00e7aise au format PDF\t\t\t\t\t<\/p>\n\t\t\t\t\n\t\t\t<\/div>\n\t\t\t\n\t\t<\/div>\n\t\t\t\t\t\t<\/div>\n\t\t\t\t<\/div>\n\t\t\t\t\t<\/div>\n\t\t\t\t<\/div>\n\t\t<div class=\"has_ae_slider elementor-element elementor-element-767b806 e-flex e-con-boxed ae-bg-gallery-type-default e-con e-parent\" data-id=\"767b806\" data-element_type=\"container\" data-settings=\"{&quot;background_background&quot;:&quot;classic&quot;}\">\n\t\t\t\t\t<div class=\"e-con-inner\">\n\t\t\t\t<div class=\"elementor-element elementor-element-040da41 elementor-widget elementor-widget-gallery\" data-id=\"040da41\" data-element_type=\"widget\" data-settings=\"{&quot;columns&quot;:2,&quot;aspect_ratio&quot;:&quot;4:3&quot;,&quot;lazyload&quot;:&quot;yes&quot;,&quot;gallery_layout&quot;:&quot;grid&quot;,&quot;columns_tablet&quot;:2,&quot;columns_mobile&quot;:1,&quot;gap&quot;:{&quot;unit&quot;:&quot;px&quot;,&quot;size&quot;:10,&quot;sizes&quot;:[]},&quot;gap_tablet&quot;:{&quot;unit&quot;:&quot;px&quot;,&quot;size&quot;:10,&quot;sizes&quot;:[]},&quot;gap_mobile&quot;:{&quot;unit&quot;:&quot;px&quot;,&quot;size&quot;:10,&quot;sizes&quot;:[]},&quot;link_to&quot;:&quot;file&quot;,&quot;overlay_background&quot;:&quot;yes&quot;,&quot;content_hover_animation&quot;:&quot;fade-in&quot;}\" data-widget_type=\"gallery.default\">\n\t\t\t\t<div class=\"elementor-widget-container\">\n\t\t\t\t\t\t\t<div class=\"elementor-gallery__container\">\n\t\t\t\t\t\t\t<a class=\"e-gallery-item elementor-gallery-item elementor-animated-content\" href=\"https:\/\/babamna.org\/wp-content\/uploads\/2024\/08\/BABAMNA-CONVENTION-ATLANTA-2024-Booklet_1.jpg\" data-elementor-open-lightbox=\"yes\" data-elementor-lightbox-slideshow=\"040da41\" data-elementor-lightbox-title=\"BABAMNA CONVENTION ATLANTA 2024 Booklet_1\" data-e-action-hash=\"#elementor-action%3Aaction%3Dlightbox%26settings%3DeyJpZCI6NzUxNiwidXJsIjoiaHR0cHM6XC9cL2JhYmFtbmEub3JnXC93cC1jb250ZW50XC91cGxvYWRzXC8yMDI0XC8wOFwvQkFCQU1OQS1DT05WRU5USU9OLUFUTEFOVEEtMjAyNC1Cb29rbGV0XzEuanBnIiwic2xpZGVzaG93IjoiMDQwZGE0MSJ9\">\n\t\t\t\t\t<div class=\"e-gallery-image elementor-gallery-item__image\" data-thumbnail=\"https:\/\/babamna.org\/wp-content\/uploads\/2024\/08\/BABAMNA-CONVENTION-ATLANTA-2024-Booklet_1-768x593.jpg\" data-width=\"768\" data-height=\"593\" aria-label=\"\" role=\"img\" ><\/div>\n\t\t\t\t\t\t\t\t\t\t\t<div class=\"elementor-gallery-item__overlay\"><\/div>\n\t\t\t\t\t\t\t\t\t\t\t\t\t\t<\/a>\n\t\t\t\t\t\t\t<a class=\"e-gallery-item elementor-gallery-item elementor-animated-content\" href=\"https:\/\/babamna.org\/wp-content\/uploads\/2024\/08\/BABAMNA-CONVENTION-ATLANTA-2024-Booklet_2.jpg\" data-elementor-open-lightbox=\"yes\" data-elementor-lightbox-slideshow=\"040da41\" data-elementor-lightbox-title=\"BABAMNA CONVENTION ATLANTA 2024 Booklet_2\" data-e-action-hash=\"#elementor-action%3Aaction%3Dlightbox%26settings%3DeyJpZCI6NzUxNywidXJsIjoiaHR0cHM6XC9cL2JhYmFtbmEub3JnXC93cC1jb250ZW50XC91cGxvYWRzXC8yMDI0XC8wOFwvQkFCQU1OQS1DT05WRU5USU9OLUFUTEFOVEEtMjAyNC1Cb29rbGV0XzIuanBnIiwic2xpZGVzaG93IjoiMDQwZGE0MSJ9\">\n\t\t\t\t\t<div class=\"e-gallery-image elementor-gallery-item__image\" data-thumbnail=\"https:\/\/babamna.org\/wp-content\/uploads\/2024\/08\/BABAMNA-CONVENTION-ATLANTA-2024-Booklet_2-768x593.jpg\" data-width=\"768\" data-height=\"593\" aria-label=\"\" role=\"img\" ><\/div>\n\t\t\t\t\t\t\t\t\t\t\t<div class=\"elementor-gallery-item__overlay\"><\/div>\n\t\t\t\t\t\t\t\t\t\t\t\t\t\t<\/a>\n\t\t\t\t\t\t\t<a class=\"e-gallery-item elementor-gallery-item elementor-animated-content\" href=\"https:\/\/babamna.org\/wp-content\/uploads\/2024\/08\/BABAMNA-CONVENTION-ATLANTA-2024-Booklet_3.jpg\" data-elementor-open-lightbox=\"yes\" data-elementor-lightbox-slideshow=\"040da41\" data-elementor-lightbox-title=\"BABAMNA CONVENTION ATLANTA 2024 Booklet_3\" data-e-action-hash=\"#elementor-action%3Aaction%3Dlightbox%26settings%3DeyJpZCI6NzUxOCwidXJsIjoiaHR0cHM6XC9cL2JhYmFtbmEub3JnXC93cC1jb250ZW50XC91cGxvYWRzXC8yMDI0XC8wOFwvQkFCQU1OQS1DT05WRU5USU9OLUFUTEFOVEEtMjAyNC1Cb29rbGV0XzMuanBnIiwic2xpZGVzaG93IjoiMDQwZGE0MSJ9\">\n\t\t\t\t\t<div class=\"e-gallery-image elementor-gallery-item__image\" data-thumbnail=\"https:\/\/babamna.org\/wp-content\/uploads\/2024\/08\/BABAMNA-CONVENTION-ATLANTA-2024-Booklet_3-768x593.jpg\" data-width=\"768\" data-height=\"593\" aria-label=\"\" role=\"img\" ><\/div>\n\t\t\t\t\t\t\t\t\t\t\t<div class=\"elementor-gallery-item__overlay\"><\/div>\n\t\t\t\t\t\t\t\t\t\t\t\t\t\t<\/a>\n\t\t\t\t\t\t\t<a class=\"e-gallery-item elementor-gallery-item elementor-animated-content\" href=\"https:\/\/babamna.org\/wp-content\/uploads\/2024\/08\/BABAMNA-CONVENTION-ATLANTA-2024-Booklet_4.jpg\" data-elementor-open-lightbox=\"yes\" data-elementor-lightbox-slideshow=\"040da41\" data-elementor-lightbox-title=\"BABAMNA CONVENTION ATLANTA 2024 Booklet_4\" data-e-action-hash=\"#elementor-action%3Aaction%3Dlightbox%26settings%3DeyJpZCI6NzUxOSwidXJsIjoiaHR0cHM6XC9cL2JhYmFtbmEub3JnXC93cC1jb250ZW50XC91cGxvYWRzXC8yMDI0XC8wOFwvQkFCQU1OQS1DT05WRU5USU9OLUFUTEFOVEEtMjAyNC1Cb29rbGV0XzQuanBnIiwic2xpZGVzaG93IjoiMDQwZGE0MSJ9\">\n\t\t\t\t\t<div class=\"e-gallery-image elementor-gallery-item__image\" data-thumbnail=\"https:\/\/babamna.org\/wp-content\/uploads\/2024\/08\/BABAMNA-CONVENTION-ATLANTA-2024-Booklet_4-768x593.jpg\" data-width=\"768\" data-height=\"593\" aria-label=\"\" role=\"img\" ><\/div>\n\t\t\t\t\t\t\t\t\t\t\t<div class=\"elementor-gallery-item__overlay\"><\/div>\n\t\t\t\t\t\t\t\t\t\t\t\t\t\t<\/a>\n\t\t\t\t\t\t\t<a class=\"e-gallery-item elementor-gallery-item elementor-animated-content\" href=\"https:\/\/babamna.org\/wp-content\/uploads\/2024\/08\/BABAMNA-CONVENTION-ATLANTA-2024-Booklet_5.jpg\" data-elementor-open-lightbox=\"yes\" data-elementor-lightbox-slideshow=\"040da41\" data-elementor-lightbox-title=\"BABAMNA CONVENTION ATLANTA 2024 Booklet_5\" data-e-action-hash=\"#elementor-action%3Aaction%3Dlightbox%26settings%3DeyJpZCI6NzUyMCwidXJsIjoiaHR0cHM6XC9cL2JhYmFtbmEub3JnXC93cC1jb250ZW50XC91cGxvYWRzXC8yMDI0XC8wOFwvQkFCQU1OQS1DT05WRU5USU9OLUFUTEFOVEEtMjAyNC1Cb29rbGV0XzUuanBnIiwic2xpZGVzaG93IjoiMDQwZGE0MSJ9\">\n\t\t\t\t\t<div class=\"e-gallery-image elementor-gallery-item__image\" data-thumbnail=\"https:\/\/babamna.org\/wp-content\/uploads\/2024\/08\/BABAMNA-CONVENTION-ATLANTA-2024-Booklet_5-768x593.jpg\" data-width=\"768\" data-height=\"593\" aria-label=\"\" role=\"img\" ><\/div>\n\t\t\t\t\t\t\t\t\t\t\t<div class=\"elementor-gallery-item__overlay\"><\/div>\n\t\t\t\t\t\t\t\t\t\t\t\t\t\t<\/a>\n\t\t\t\t\t\t\t<a class=\"e-gallery-item elementor-gallery-item elementor-animated-content\" href=\"https:\/\/babamna.org\/wp-content\/uploads\/2024\/08\/BABAMNA-CONVENTION-ATLANTA-2024-Booklet_6.jpg\" data-elementor-open-lightbox=\"yes\" data-elementor-lightbox-slideshow=\"040da41\" data-elementor-lightbox-title=\"BABAMNA CONVENTION ATLANTA 2024 Booklet_6\" data-e-action-hash=\"#elementor-action%3Aaction%3Dlightbox%26settings%3DeyJpZCI6NzUyMSwidXJsIjoiaHR0cHM6XC9cL2JhYmFtbmEub3JnXC93cC1jb250ZW50XC91cGxvYWRzXC8yMDI0XC8wOFwvQkFCQU1OQS1DT05WRU5USU9OLUFUTEFOVEEtMjAyNC1Cb29rbGV0XzYuanBnIiwic2xpZGVzaG93IjoiMDQwZGE0MSJ9\">\n\t\t\t\t\t<div class=\"e-gallery-image elementor-gallery-item__image\" data-thumbnail=\"https:\/\/babamna.org\/wp-content\/uploads\/2024\/08\/BABAMNA-CONVENTION-ATLANTA-2024-Booklet_6-768x593.jpg\" data-width=\"768\" data-height=\"593\" aria-label=\"\" role=\"img\" ><\/div>\n\t\t\t\t\t\t\t\t\t\t\t<div class=\"elementor-gallery-item__overlay\"><\/div>\n\t\t\t\t\t\t\t\t\t\t\t\t\t\t<\/a>\n\t\t\t\t\t\t\t<a class=\"e-gallery-item elementor-gallery-item elementor-animated-content\" href=\"https:\/\/babamna.org\/wp-content\/uploads\/2024\/08\/BABAMNA-CONVENTION-ATLANTA-2024-Booklet_7.jpg\" data-elementor-open-lightbox=\"yes\" data-elementor-lightbox-slideshow=\"040da41\" data-elementor-lightbox-title=\"BABAMNA CONVENTION ATLANTA 2024 Booklet_7\" data-e-action-hash=\"#elementor-action%3Aaction%3Dlightbox%26settings%3DeyJpZCI6NzUyMiwidXJsIjoiaHR0cHM6XC9cL2JhYmFtbmEub3JnXC93cC1jb250ZW50XC91cGxvYWRzXC8yMDI0XC8wOFwvQkFCQU1OQS1DT05WRU5USU9OLUFUTEFOVEEtMjAyNC1Cb29rbGV0XzcuanBnIiwic2xpZGVzaG93IjoiMDQwZGE0MSJ9\">\n\t\t\t\t\t<div class=\"e-gallery-image elementor-gallery-item__image\" data-thumbnail=\"https:\/\/babamna.org\/wp-content\/uploads\/2024\/08\/BABAMNA-CONVENTION-ATLANTA-2024-Booklet_7-768x593.jpg\" data-width=\"768\" data-height=\"593\" aria-label=\"\" role=\"img\" ><\/div>\n\t\t\t\t\t\t\t\t\t\t\t<div class=\"elementor-gallery-item__overlay\"><\/div>\n\t\t\t\t\t\t\t\t\t\t\t\t\t\t<\/a>\n\t\t\t\t\t\t\t<a class=\"e-gallery-item elementor-gallery-item elementor-animated-content\" href=\"https:\/\/babamna.org\/wp-content\/uploads\/2024\/08\/BABAMNA-CONVENTION-ATLANTA-2024-Booklet_8.jpg\" data-elementor-open-lightbox=\"yes\" data-elementor-lightbox-slideshow=\"040da41\" data-elementor-lightbox-title=\"BABAMNA CONVENTION ATLANTA 2024 Booklet_8\" data-e-action-hash=\"#elementor-action%3Aaction%3Dlightbox%26settings%3DeyJpZCI6NzUyMywidXJsIjoiaHR0cHM6XC9cL2JhYmFtbmEub3JnXC93cC1jb250ZW50XC91cGxvYWRzXC8yMDI0XC8wOFwvQkFCQU1OQS1DT05WRU5USU9OLUFUTEFOVEEtMjAyNC1Cb29rbGV0XzguanBnIiwic2xpZGVzaG93IjoiMDQwZGE0MSJ9\">\n\t\t\t\t\t<div class=\"e-gallery-image elementor-gallery-item__image\" data-thumbnail=\"https:\/\/babamna.org\/wp-content\/uploads\/2024\/08\/BABAMNA-CONVENTION-ATLANTA-2024-Booklet_8-768x593.jpg\" data-width=\"768\" data-height=\"593\" aria-label=\"\" role=\"img\" ><\/div>\n\t\t\t\t\t\t\t\t\t\t\t<div class=\"elementor-gallery-item__overlay\"><\/div>\n\t\t\t\t\t\t\t\t\t\t\t\t\t\t<\/a>\n\t\t\t\t\t\t\t<a class=\"e-gallery-item elementor-gallery-item elementor-animated-content\" href=\"https:\/\/babamna.org\/wp-content\/uploads\/2024\/08\/BABAMNA-CONVENTION-ATLANTA-2024-Booklet_9.jpg\" data-elementor-open-lightbox=\"yes\" data-elementor-lightbox-slideshow=\"040da41\" data-elementor-lightbox-title=\"BABAMNA CONVENTION ATLANTA 2024 Booklet_9\" data-e-action-hash=\"#elementor-action%3Aaction%3Dlightbox%26settings%3DeyJpZCI6NzUyNCwidXJsIjoiaHR0cHM6XC9cL2JhYmFtbmEub3JnXC93cC1jb250ZW50XC91cGxvYWRzXC8yMDI0XC8wOFwvQkFCQU1OQS1DT05WRU5USU9OLUFUTEFOVEEtMjAyNC1Cb29rbGV0XzkuanBnIiwic2xpZGVzaG93IjoiMDQwZGE0MSJ9\">\n\t\t\t\t\t<div class=\"e-gallery-image elementor-gallery-item__image\" data-thumbnail=\"https:\/\/babamna.org\/wp-content\/uploads\/2024\/08\/BABAMNA-CONVENTION-ATLANTA-2024-Booklet_9-768x593.jpg\" data-width=\"768\" data-height=\"593\" aria-label=\"\" role=\"img\" ><\/div>\n\t\t\t\t\t\t\t\t\t\t\t<div class=\"elementor-gallery-item__overlay\"><\/div>\n\t\t\t\t\t\t\t\t\t\t\t\t\t\t<\/a>\n\t\t\t\t\t<\/div>\n\t\t\t\t\t<\/div>\n\t\t\t\t<\/div>\n\t\t\t\t\t<\/div>\n\t\t\t\t<\/div>\n\t\t\t\t<\/div>","protected":false},"excerpt":{"rendered":"<p>BABAMNA CONVENTION, ATLANTA 2024 BROCHURE Download the English version in PDF format Download the French version in PDF format<\/p>","protected":false},"author":2,"featured_media":7516,"parent":0,"menu_order":0,"comment_status":"closed","ping_status":"closed","template":"","meta":{"_acf_changed":false,"site-sidebar-layout":"no-sidebar","site-content-layout":"page-builder","ast-site-content-layout":"full-width-container","site-content-style":"default","site-sidebar-style":"default","ast-global-header-display":"","ast-banner-title-visibility":"","ast-main-header-display":"","ast-hfb-above-header-display":"","ast-hfb-below-header-display":"","ast-hfb-mobile-header-display":"","site-post-title":"disabled","ast-breadcrumbs-content":"","ast-featured-img":"disabled","footer-sml-layout":"","theme-transparent-header-meta":"default","adv-header-id-meta":"","stick-header-meta":"","header-above-stick-meta":"","header-main-stick-meta":"","header-below-stick-meta":"","astra-migrate-meta-layouts":"set","ast-page-background-enabled":"default","ast-page-background-meta":{"desktop":{"background-color":"","background-image":"","background-repeat":"repeat","background-position":"center center","background-size":"auto","background-attachment":"scroll","background-type":"","background-media":"","overlay-type":"","overlay-color":"","overlay-opacity":"","overlay-gradient":""},"tablet":{"background-color":"","background-image":"","background-repeat":"repeat","background-position":"center center","background-size":"auto","background-attachment":"scroll","background-type":"","background-media":"","overlay-type":"","overlay-color":"","overlay-opacity":"","overlay-gradient":""},"mobile":{"background-color":"","background-image":"","background-repeat":"repeat","background-position":"center center","background-size":"auto","background-attachment":"scroll","background-type":"","background-media":"","overlay-type":"","overlay-color":"","overlay-opacity":"","overlay-gradient":""}},"ast-content-background-meta":{"desktop":{"background-color":"var(--ast-global-color-5)","background-image":"","background-repeat":"repeat","background-position":"center center","background-size":"auto","background-attachment":"scroll","background-type":"","background-media":"","overlay-type":"","overlay-color":"","overlay-opacity":"","overlay-gradient":""},"tablet":{"background-color":"var(--ast-global-color-5)","background-image":"","background-repeat":"repeat","background-position":"center center","background-size":"auto","background-attachment":"scroll","background-type":"","background-media":"","overlay-type":"","overlay-color":"","overlay-opacity":"","overlay-gradient":""},"mobile":{"background-color":"var(--ast-global-color-5)","background-image":"","background-repeat":"repeat","background-position":"center center","background-size":"auto","background-attachment":"scroll","background-type":"","background-media":"","overlay-type":"","overlay-color":"","overlay-opacity":"","overlay-gradient":""}},"_mc_calendar":[],"footnotes":""},"class_list":["post-7514","page","type-page","status-publish","has-post-thumbnail","hentry"],"acf":[],"yoast_head":"<!-- This site is optimized with the Yoast SEO plugin v27.2 - https:\/\/yoast.com\/product\/yoast-seo-wordpress\/ -->\n<title>BABAMNA Convention Atlanta 2024 Booklet - BABAMNA<\/title>\n<meta name=\"robots\" content=\"index, follow, max-snippet:-1, max-image-preview:large, max-video-preview:-1\" \/>\n<link rel=\"canonical\" href=\"https:\/\/babamna.org\/fr\/babamna-convention-atlanta-2024-booklet\/\" \/>\n<meta property=\"og:locale\" content=\"fr_FR\" \/>\n<meta property=\"og:type\" content=\"article\" \/>\n<meta property=\"og:title\" content=\"BABAMNA Convention Atlanta 2024 Booklet - BABAMNA\" \/>\n<meta property=\"og:description\" content=\"BABAMNA CONVENTION, ATLANTA 2024 BROCHURE Download the English version in PDF format Download the French version in PDF format\" \/>\n<meta property=\"og:url\" content=\"https:\/\/babamna.org\/fr\/babamna-convention-atlanta-2024-booklet\/\" \/>\n<meta property=\"og:site_name\" content=\"BABAMNA\" \/>\n<meta property=\"article:publisher\" content=\"https:\/\/www.facebook.com\/babamnacommunity\" \/>\n<meta property=\"article:modified_time\" content=\"2024-08-20T12:21:46+00:00\" \/>\n<meta property=\"og:image\" content=\"https:\/\/babamna.org\/wp-content\/uploads\/2024\/08\/BABAMNA-CONVENTION-ATLANTA-2024-Booklet_1.jpg\" \/>\n\t<meta property=\"og:image:width\" content=\"1056\" \/>\n\t<meta property=\"og:image:height\" content=\"816\" \/>\n\t<meta property=\"og:image:type\" content=\"image\/jpeg\" \/>\n<meta name=\"twitter:card\" content=\"summary_large_image\" \/>\n<meta name=\"twitter:label1\" content=\"Dur\u00e9e de lecture estim\u00e9e\" \/>\n\t<meta name=\"twitter:data1\" content=\"1 minute\" \/>\n<script type=\"application\/ld+json\" class=\"yoast-schema-graph\">{\"@context\":\"https:\/\/schema.org\",\"@graph\":[{\"@type\":\"WebPage\",\"@id\":\"https:\/\/babamna.org\/babamna-convention-atlanta-2024-booklet\/\",\"url\":\"https:\/\/babamna.org\/babamna-convention-atlanta-2024-booklet\/\",\"name\":\"BABAMNA Convention Atlanta 2024 Booklet - BABAMNA\",\"isPartOf\":{\"@id\":\"https:\/\/babamna.org\/#website\"},\"primaryImageOfPage\":{\"@id\":\"https:\/\/babamna.org\/babamna-convention-atlanta-2024-booklet\/#primaryimage\"},\"image\":{\"@id\":\"https:\/\/babamna.org\/babamna-convention-atlanta-2024-booklet\/#primaryimage\"},\"thumbnailUrl\":\"https:\/\/babamna.org\/wp-content\/uploads\/2024\/08\/BABAMNA-CONVENTION-ATLANTA-2024-Booklet_1.jpg\",\"datePublished\":\"2024-08-18T04:24:42+00:00\",\"dateModified\":\"2024-08-20T12:21:46+00:00\",\"breadcrumb\":{\"@id\":\"https:\/\/babamna.org\/babamna-convention-atlanta-2024-booklet\/#breadcrumb\"},\"inLanguage\":\"fr-FR\",\"potentialAction\":[{\"@type\":\"ReadAction\",\"target\":[\"https:\/\/babamna.org\/babamna-convention-atlanta-2024-booklet\/\"]}]},{\"@type\":\"ImageObject\",\"inLanguage\":\"fr-FR\",\"@id\":\"https:\/\/babamna.org\/babamna-convention-atlanta-2024-booklet\/#primaryimage\",\"url\":\"https:\/\/babamna.org\/wp-content\/uploads\/2024\/08\/BABAMNA-CONVENTION-ATLANTA-2024-Booklet_1.jpg\",\"contentUrl\":\"https:\/\/babamna.org\/wp-content\/uploads\/2024\/08\/BABAMNA-CONVENTION-ATLANTA-2024-Booklet_1.jpg\",\"width\":1056,\"height\":816,\"caption\":\"Wecome to Atlanta\"},{\"@type\":\"BreadcrumbList\",\"@id\":\"https:\/\/babamna.org\/babamna-convention-atlanta-2024-booklet\/#breadcrumb\",\"itemListElement\":[{\"@type\":\"ListItem\",\"position\":1,\"name\":\"Home\",\"item\":\"https:\/\/babamna.org\/\"},{\"@type\":\"ListItem\",\"position\":2,\"name\":\"BABAMNA Convention Atlanta 2024 Booklet\"}]},{\"@type\":\"WebSite\",\"@id\":\"https:\/\/babamna.org\/#website\",\"url\":\"https:\/\/babamna.org\/\",\"name\":\"BABAMNA\",\"description\":\"Together for a better tomorrow\",\"publisher\":{\"@id\":\"https:\/\/babamna.org\/#organization\"},\"potentialAction\":[{\"@type\":\"SearchAction\",\"target\":{\"@type\":\"EntryPoint\",\"urlTemplate\":\"https:\/\/babamna.org\/?s={search_term_string}\"},\"query-input\":{\"@type\":\"PropertyValueSpecification\",\"valueRequired\":true,\"valueName\":\"search_term_string\"}}],\"inLanguage\":\"fr-FR\"},{\"@type\":\"Organization\",\"@id\":\"https:\/\/babamna.org\/#organization\",\"name\":\"BABAMNA\",\"url\":\"https:\/\/babamna.org\/\",\"logo\":{\"@type\":\"ImageObject\",\"inLanguage\":\"fr-FR\",\"@id\":\"https:\/\/babamna.org\/#\/schema\/logo\/image\/\",\"url\":\"https:\/\/babamna.org\/wp-content\/uploads\/2020\/07\/Logo-Babamna.png\",\"contentUrl\":\"https:\/\/babamna.org\/wp-content\/uploads\/2020\/07\/Logo-Babamna.png\",\"width\":3182,\"height\":2014,\"caption\":\"BABAMNA\"},\"image\":{\"@id\":\"https:\/\/babamna.org\/#\/schema\/logo\/image\/\"},\"sameAs\":[\"https:\/\/www.facebook.com\/babamnacommunity\"]}]}<\/script>\n<!-- \/ Yoast SEO plugin. -->","yoast_head_json":{"title":"BABAMNA Convention Atlanta 2024 Booklet - BABAMNA","robots":{"index":"index","follow":"follow","max-snippet":"max-snippet:-1","max-image-preview":"max-image-preview:large","max-video-preview":"max-video-preview:-1"},"canonical":"https:\/\/babamna.org\/fr\/babamna-convention-atlanta-2024-booklet\/","og_locale":"fr_FR","og_type":"article","og_title":"BABAMNA Convention Atlanta 2024 Booklet - BABAMNA","og_description":"BABAMNA CONVENTION, ATLANTA 2024 BROCHURE Download the English version in PDF format Download the French version in PDF format","og_url":"https:\/\/babamna.org\/fr\/babamna-convention-atlanta-2024-booklet\/","og_site_name":"BABAMNA","article_publisher":"https:\/\/www.facebook.com\/babamnacommunity","article_modified_time":"2024-08-20T12:21:46+00:00","og_image":[{"width":1056,"height":816,"url":"https:\/\/babamna.org\/wp-content\/uploads\/2024\/08\/BABAMNA-CONVENTION-ATLANTA-2024-Booklet_1.jpg","type":"image\/jpeg"}],"twitter_card":"summary_large_image","twitter_misc":{"Dur\u00e9e de lecture estim\u00e9e":"1 minute"},"schema":{"@context":"https:\/\/schema.org","@graph":[{"@type":"WebPage","@id":"https:\/\/babamna.org\/babamna-convention-atlanta-2024-booklet\/","url":"https:\/\/babamna.org\/babamna-convention-atlanta-2024-booklet\/","name":"BABAMNA Convention Atlanta 2024 Booklet - BABAMNA","isPartOf":{"@id":"https:\/\/babamna.org\/#website"},"primaryImageOfPage":{"@id":"https:\/\/babamna.org\/babamna-convention-atlanta-2024-booklet\/#primaryimage"},"image":{"@id":"https:\/\/babamna.org\/babamna-convention-atlanta-2024-booklet\/#primaryimage"},"thumbnailUrl":"https:\/\/babamna.org\/wp-content\/uploads\/2024\/08\/BABAMNA-CONVENTION-ATLANTA-2024-Booklet_1.jpg","datePublished":"2024-08-18T04:24:42+00:00","dateModified":"2024-08-20T12:21:46+00:00","breadcrumb":{"@id":"https:\/\/babamna.org\/babamna-convention-atlanta-2024-booklet\/#breadcrumb"},"inLanguage":"fr-FR","potentialAction":[{"@type":"ReadAction","target":["https:\/\/babamna.org\/babamna-convention-atlanta-2024-booklet\/"]}]},{"@type":"ImageObject","inLanguage":"fr-FR","@id":"https:\/\/babamna.org\/babamna-convention-atlanta-2024-booklet\/#primaryimage","url":"https:\/\/babamna.org\/wp-content\/uploads\/2024\/08\/BABAMNA-CONVENTION-ATLANTA-2024-Booklet_1.jpg","contentUrl":"https:\/\/babamna.org\/wp-content\/uploads\/2024\/08\/BABAMNA-CONVENTION-ATLANTA-2024-Booklet_1.jpg","width":1056,"height":816,"caption":"Wecome to Atlanta"},{"@type":"BreadcrumbList","@id":"https:\/\/babamna.org\/babamna-convention-atlanta-2024-booklet\/#breadcrumb","itemListElement":[{"@type":"ListItem","position":1,"name":"Home","item":"https:\/\/babamna.org\/"},{"@type":"ListItem","position":2,"name":"BABAMNA Convention Atlanta 2024 Booklet"}]},{"@type":"WebSite","@id":"https:\/\/babamna.org\/#website","url":"https:\/\/babamna.org\/","name":"BABAMNA","description":"Together for a better tomorrow","publisher":{"@id":"https:\/\/babamna.org\/#organization"},"potentialAction":[{"@type":"SearchAction","target":{"@type":"EntryPoint","urlTemplate":"https:\/\/babamna.org\/?s={search_term_string}"},"query-input":{"@type":"PropertyValueSpecification","valueRequired":true,"valueName":"search_term_string"}}],"inLanguage":"fr-FR"},{"@type":"Organization","@id":"https:\/\/babamna.org\/#organization","name":"BABAMNA","url":"https:\/\/babamna.org\/","logo":{"@type":"ImageObject","inLanguage":"fr-FR","@id":"https:\/\/babamna.org\/#\/schema\/logo\/image\/","url":"https:\/\/babamna.org\/wp-content\/uploads\/2020\/07\/Logo-Babamna.png","contentUrl":"https:\/\/babamna.org\/wp-content\/uploads\/2020\/07\/Logo-Babamna.png","width":3182,"height":2014,"caption":"BABAMNA"},"image":{"@id":"https:\/\/babamna.org\/#\/schema\/logo\/image\/"},"sameAs":["https:\/\/www.facebook.com\/babamnacommunity"]}]}},"post_mailing_queue_ids":[],"_links":{"self":[{"href":"https:\/\/babamna.org\/fr\/wp-json\/wp\/v2\/pages\/7514","targetHints":{"allow":["GET"]}}],"collection":[{"href":"https:\/\/babamna.org\/fr\/wp-json\/wp\/v2\/pages"}],"about":[{"href":"https:\/\/babamna.org\/fr\/wp-json\/wp\/v2\/types\/page"}],"author":[{"embeddable":true,"href":"https:\/\/babamna.org\/fr\/wp-json\/wp\/v2\/users\/2"}],"replies":[{"embeddable":true,"href":"https:\/\/babamna.org\/fr\/wp-json\/wp\/v2\/comments?post=7514"}],"version-history":[{"count":34,"href":"https:\/\/babamna.org\/fr\/wp-json\/wp\/v2\/pages\/7514\/revisions"}],"predecessor-version":[{"id":7698,"href":"https:\/\/babamna.org\/fr\/wp-json\/wp\/v2\/pages\/7514\/revisions\/7698"}],"wp:featuredmedia":[{"embeddable":true,"href":"https:\/\/babamna.org\/fr\/wp-json\/wp\/v2\/media\/7516"}],"wp:attachment":[{"href":"https:\/\/babamna.org\/fr\/wp-json\/wp\/v2\/media?parent=7514"}],"curies":[{"name":"wp","href":"https:\/\/api.w.org\/{rel}","templated":true}]}}