{"id":7454,"date":"2024-08-15T02:32:35","date_gmt":"2024-08-15T06:32:35","guid":{"rendered":"https:\/\/babamna.org\/?page_id=7454"},"modified":"2024-08-20T06:45:20","modified_gmt":"2024-08-20T10:45:20","slug":"atlanta-2024-panelist-book-preorders","status":"publish","type":"page","link":"https:\/\/babamna.org\/fr\/atlanta-2024-panelist-book-preorders\/","title":{"rendered":"Atlanta 2024 Panelist Book Preorders"},"content":{"rendered":"<div data-elementor-type=\"wp-page\" data-elementor-id=\"7454\" class=\"elementor elementor-7454\" data-elementor-post-type=\"page\">\n\t\t\t\t<div class=\"has_ae_slider elementor-element elementor-element-9052324 e-flex e-con-boxed ae-bg-gallery-type-default e-con e-parent\" data-id=\"9052324\" data-element_type=\"container\" data-settings=\"{&quot;background_background&quot;:&quot;classic&quot;}\">\n\t\t\t\t\t<div class=\"e-con-inner\">\n\t\t\t\t<div class=\"elementor-element elementor-element-c39667c elementor-invisible elementor-widget elementor-widget-icon-box\" data-id=\"c39667c\" data-element_type=\"widget\" data-settings=\"{&quot;_animation&quot;:&quot;fadeInUp&quot;}\" data-widget_type=\"icon-box.default\">\n\t\t\t\t<div class=\"elementor-widget-container\">\n\t\t\t\t\t\t\t<div class=\"elementor-icon-box-wrapper\">\n\n\t\t\t\n\t\t\t\t\t\t<div class=\"elementor-icon-box-content\">\n\n\t\t\t\t\t\t\t\t\t<h3 class=\"elementor-icon-box-title\">\n\t\t\t\t\t\t<span  >\n\t\t\t\t\t\t\tPr\u00e9-commande des livres des pan\u00e9listes\t\t\t\t\t\t<\/span>\n\t\t\t\t\t<\/h3>\n\t\t\t\t\n\t\t\t\t\t\t\t\t\t<p class=\"elementor-icon-box-description\">\n\t\t\t\t\t\tPr\u00e9-commandes Convention BABAMNA, ATLANTA 2024, livres des pan\u00e9listes. Vivez l'excitation de la Convention BABAMNA, Atlanta 2024 ! Commandez \u00e0 l'avance les nouveaux livres de nos \u00e9minents pan\u00e9listes et faites-les livrer et d\u00e9dicacer lors de la convention. Le nombre d'exemplaires disponibles est limit\u00e9 - ne manquez pas cette occasion de rencontrer votre pan\u00e9liste pr\u00e9f\u00e9r\u00e9 en personne. Commandez votre livre d\u00e8s maintenant.\t\t\t\t\t<\/p>\n\t\t\t\t\n\t\t\t<\/div>\n\t\t\t\n\t\t<\/div>\n\t\t\t\t\t\t<\/div>\n\t\t\t\t<\/div>\n\t\t\t\t\t<\/div>\n\t\t\t\t<\/div>\n\t\t<div class=\"has_ae_slider elementor-element elementor-element-21bd87e e-grid e-con-boxed ae-bg-gallery-type-default e-con e-child\" data-id=\"21bd87e\" data-element_type=\"container\">\n\t\t\t\t\t<div class=\"e-con-inner\">\n\t\t\t\t<div class=\"elementor-element elementor-element-1df3fdf elementor-widget__width-inherit elementor-invisible elementor-widget elementor-widget-image\" data-id=\"1df3fdf\" data-element_type=\"widget\" data-settings=\"{&quot;_animation&quot;:&quot;fadeInUp&quot;}\" data-widget_type=\"image.default\">\n\t\t\t\t<div class=\"elementor-widget-container\">\n\t\t\t\t\t\t\t\t\t\t\t\t<figure class=\"wp-caption\">\n\t\t\t\t\t\t\t\t\t\t\t<a href=\"https:\/\/www.youtube.com\/watch?v=8lWZIE8Szzw\" target=\"_blank\">\n\t\t\t\t\t\t\t<img fetchpriority=\"high\" decoding=\"async\" width=\"608\" height=\"629\" src=\"https:\/\/babamna.org\/wp-content\/uploads\/2024\/08\/bahebeck-hamburger-001.jpg\" class=\"attachment-medium_large size-medium_large wp-image-7457\" alt=\"\" srcset=\"https:\/\/babamna.org\/wp-content\/uploads\/2024\/08\/bahebeck-hamburger-001.jpg 608w, https:\/\/babamna.org\/wp-content\/uploads\/2024\/08\/bahebeck-hamburger-001-290x300.jpg 290w, https:\/\/babamna.org\/wp-content\/uploads\/2024\/08\/bahebeck-hamburger-001-12x12.jpg 12w\" sizes=\"(max-width: 608px) 100vw, 608px\" \/>\t\t\t\t\t\t\t\t<\/a>\n\t\t\t\t\t\t\t\t\t\t\t<figcaption class=\"widget-image-caption wp-caption-text\">Le Hamburger c'est quoi - Pr Jean Bahebeck<\/figcaption>\n\t\t\t\t\t\t\t\t\t\t<\/figure>\n\t\t\t\t\t\t\t\t\t<\/div>\n\t\t\t\t<\/div>\n\t\t\t\t<div class=\"elementor-element elementor-element-ac75652 elementor-widget__width-inherit elementor-invisible elementor-widget elementor-widget-image\" data-id=\"ac75652\" data-element_type=\"widget\" data-settings=\"{&quot;_animation&quot;:&quot;fadeInUp&quot;}\" data-widget_type=\"image.default\">\n\t\t\t\t<div class=\"elementor-widget-container\">\n\t\t\t\t\t\t\t\t\t\t\t\t<figure class=\"wp-caption\">\n\t\t\t\t\t\t\t\t\t\t\t<a href=\"https:\/\/www.facebook.com\/permalink.php\/?story_fbid=841900270908856&#038;id=100052666725486\" target=\"_blank\">\n\t\t\t\t\t\t\t<img decoding=\"async\" width=\"768\" height=\"544\" src=\"https:\/\/babamna.org\/wp-content\/uploads\/2024\/08\/libii-ceque-jai-vu-01-768x544.jpg\" class=\"attachment-medium_large size-medium_large wp-image-7469\" alt=\"\" srcset=\"https:\/\/babamna.org\/wp-content\/uploads\/2024\/08\/libii-ceque-jai-vu-01-768x544.jpg 768w, https:\/\/babamna.org\/wp-content\/uploads\/2024\/08\/libii-ceque-jai-vu-01-300x213.jpg 300w, https:\/\/babamna.org\/wp-content\/uploads\/2024\/08\/libii-ceque-jai-vu-01-1024x726.jpg 1024w, https:\/\/babamna.org\/wp-content\/uploads\/2024\/08\/libii-ceque-jai-vu-01-18x12.jpg 18w, https:\/\/babamna.org\/wp-content\/uploads\/2024\/08\/libii-ceque-jai-vu-01.jpg 1129w\" sizes=\"(max-width: 768px) 100vw, 768px\" \/>\t\t\t\t\t\t\t\t<\/a>\n\t\t\t\t\t\t\t\t\t\t\t<figcaption class=\"widget-image-caption wp-caption-text\">Ce que j'ai vu - Hon Cabral Libii<\/figcaption>\n\t\t\t\t\t\t\t\t\t\t<\/figure>\n\t\t\t\t\t\t\t\t\t<\/div>\n\t\t\t\t<\/div>\n\t\t\t\t<div class=\"elementor-element elementor-element-d67ec8c elementor-widget__width-inherit elementor-invisible elementor-widget elementor-widget-image\" data-id=\"d67ec8c\" data-element_type=\"widget\" data-settings=\"{&quot;_animation&quot;:&quot;fadeInUp&quot;}\" data-widget_type=\"image.default\">\n\t\t\t\t<div class=\"elementor-widget-container\">\n\t\t\t\t\t\t\t\t\t\t\t\t<figure class=\"wp-caption\">\n\t\t\t\t\t\t\t\t\t\t\t<a href=\"https:\/\/etatdeveloppementalistecommunautaire.org\/\" target=\"_blank\">\n\t\t\t\t\t\t\t<img decoding=\"async\" width=\"768\" height=\"420\" src=\"https:\/\/babamna.org\/wp-content\/uploads\/2024\/08\/nkongnjock-etat-developpentatiste-768x420.jpg\" class=\"attachment-medium_large size-medium_large wp-image-7462\" alt=\"\" srcset=\"https:\/\/babamna.org\/wp-content\/uploads\/2024\/08\/nkongnjock-etat-developpentatiste-768x420.jpg 768w, https:\/\/babamna.org\/wp-content\/uploads\/2024\/08\/nkongnjock-etat-developpentatiste-300x164.jpg 300w, https:\/\/babamna.org\/wp-content\/uploads\/2024\/08\/nkongnjock-etat-developpentatiste-1024x560.jpg 1024w, https:\/\/babamna.org\/wp-content\/uploads\/2024\/08\/nkongnjock-etat-developpentatiste-18x10.jpg 18w, https:\/\/babamna.org\/wp-content\/uploads\/2024\/08\/nkongnjock-etat-developpentatiste.jpg 1270w\" sizes=\"(max-width: 768px) 100vw, 768px\" \/>\t\t\t\t\t\t\t\t<\/a>\n\t\t\t\t\t\t\t\t\t\t\t<figcaption class=\"widget-image-caption wp-caption-text\">Construction d'un etat developpementatlist - Vincent Nkong Njock<\/figcaption>\n\t\t\t\t\t\t\t\t\t\t<\/figure>\n\t\t\t\t\t\t\t\t\t<\/div>\n\t\t\t\t<\/div>\n\t\t\t\t\t<\/div>\n\t\t\t\t<\/div>\n\t\t<div class=\"has_ae_slider elementor-element elementor-element-ebbcb27 e-grid e-con-boxed ae-bg-gallery-type-default e-con e-parent\" data-id=\"ebbcb27\" data-element_type=\"container\">\n\t\t\t\t\t<div class=\"e-con-inner\">\n\t\t\t\t<div class=\"elementor-element elementor-element-4860c71 elementor-widget elementor-widget-video\" data-id=\"4860c71\" data-element_type=\"widget\" data-settings=\"{&quot;youtube_url&quot;:&quot;https:\\\/\\\/youtu.be\\\/hGFBTQQllL0&quot;,&quot;video_type&quot;:&quot;youtube&quot;,&quot;controls&quot;:&quot;yes&quot;}\" data-widget_type=\"video.default\">\n\t\t\t\t<div class=\"elementor-widget-container\">\n\t\t\t\t\t\t\t<div class=\"elementor-wrapper elementor-open-inline\">\n\t\t\t<div class=\"elementor-video\"><\/div>\t\t<\/div>\n\t\t\t\t\t\t<\/div>\n\t\t\t\t<\/div>\n\t\t\t\t<div class=\"elementor-element elementor-element-f1bdeab elementor-widget elementor-widget-video\" data-id=\"f1bdeab\" data-element_type=\"widget\" data-settings=\"{&quot;youtube_url&quot;:&quot;https:\\\/\\\/youtu.be\\\/ZFJEMZng_7c&quot;,&quot;video_type&quot;:&quot;youtube&quot;,&quot;controls&quot;:&quot;yes&quot;}\" data-widget_type=\"video.default\">\n\t\t\t\t<div class=\"elementor-widget-container\">\n\t\t\t\t\t\t\t<div class=\"elementor-wrapper elementor-open-inline\">\n\t\t\t<div class=\"elementor-video\"><\/div>\t\t<\/div>\n\t\t\t\t\t\t<\/div>\n\t\t\t\t<\/div>\n\t\t\t\t<div class=\"elementor-element elementor-element-cd0e3fb elementor-widget elementor-widget-video\" data-id=\"cd0e3fb\" data-element_type=\"widget\" data-settings=\"{&quot;youtube_url&quot;:&quot;https:\\\/\\\/youtu.be\\\/6neQz5w8dOA?si=4Vma6MJLOLd9ReeW&quot;,&quot;video_type&quot;:&quot;youtube&quot;,&quot;controls&quot;:&quot;yes&quot;}\" data-widget_type=\"video.default\">\n\t\t\t\t<div class=\"elementor-widget-container\">\n\t\t\t\t\t\t\t<div class=\"elementor-wrapper elementor-open-inline\">\n\t\t\t<div class=\"elementor-video\"><\/div>\t\t<\/div>\n\t\t\t\t\t\t<\/div>\n\t\t\t\t<\/div>\n\t\t\t\t\t<\/div>\n\t\t\t\t<\/div>\n\t\t<div class=\"has_ae_slider elementor-element elementor-element-0969fcc e-con-full e-flex ae-bg-gallery-type-default e-con e-parent\" data-id=\"0969fcc\" data-element_type=\"container\">\n\t\t\t\t<div class=\"elementor-element elementor-element-ed4b561 elementor-cta--skin-cover elementor-animated-content elementor-bg-transform elementor-bg-transform-zoom-in elementor-widget elementor-widget-call-to-action\" data-id=\"ed4b561\" data-element_type=\"widget\" data-widget_type=\"call-to-action.default\">\n\t\t\t\t<div class=\"elementor-widget-container\">\n\t\t\t\t\t\t\t<a class=\"elementor-cta\" href=\"https:\/\/babamna.org\/fr\/bbmevents\/babamna-convention-atlanta-2024-panelist-book-preorder\/\" target=\"_blank\">\n\t\t\t\t\t<div class=\"elementor-cta__bg-wrapper\">\n\t\t\t\t<div class=\"elementor-cta__bg elementor-bg\" style=\"background-image: url(https:\/\/babamna.org\/wp-content\/uploads\/2024\/06\/Atlanta-2024.jpg);\" role=\"img\" aria-label=\"Atlanta-2024\"><\/div>\n\t\t\t\t<div class=\"elementor-cta__bg-overlay\"><\/div>\n\t\t\t<\/div>\n\t\t\t\t\t\t\t<div class=\"elementor-cta__content\">\n\t\t\t\t\n\t\t\t\t\t\t\t\t\t<h2 class=\"elementor-cta__title elementor-cta__content-item elementor-content-item elementor-animated-item--grow\">\n\t\t\t\t\t\tPr\u00e9-commandez vos livres ici\t\t\t\t\t<\/h2>\n\t\t\t\t\n\t\t\t\t\n\t\t\t\t\t\t\t\t\t<div class=\"elementor-cta__button-wrapper elementor-cta__content-item elementor-content-item elementor-animated-item--grow\">\n\t\t\t\t\t<span class=\"elementor-cta__button elementor-button elementor-size-\">\n\t\t\t\t\t\tCOMMANDER MAINTENANT\t\t\t\t\t<\/span>\n\t\t\t\t\t<\/div>\n\t\t\t\t\t\t\t<\/div>\n\t\t\t\t\t\t<\/a>\n\t\t\t\t\t\t<\/div>\n\t\t\t\t<\/div>\n\t\t\t\t<\/div>\n\t\t\t\t<\/div>","protected":false},"excerpt":{"rendered":"<p>Preorder Panelist Books Preorders BABAMNA Convention, ATLANTA 2024, panelist books.\u00a0 Experience the excitement of BABAMNA Convention, Atlanta 2024! Preorder new books by our distinguished panelists and have them delivered and dedicated at the convention. Limited copies available &#8211; don&#8217;t miss out on this opportunity to meet your favorite panelist in person. Order your book now. [&hellip;]<\/p>","protected":false},"author":2,"featured_media":7509,"parent":0,"menu_order":0,"comment_status":"closed","ping_status":"closed","template":"","meta":{"_acf_changed":false,"site-sidebar-layout":"no-sidebar","site-content-layout":"page-builder","ast-site-content-layout":"full-width-container","site-content-style":"default","site-sidebar-style":"default","ast-global-header-display":"","ast-banner-title-visibility":"","ast-main-header-display":"","ast-hfb-above-header-display":"","ast-hfb-below-header-display":"","ast-hfb-mobile-header-display":"","site-post-title":"disabled","ast-breadcrumbs-content":"","ast-featured-img":"disabled","footer-sml-layout":"","theme-transparent-header-meta":"default","adv-header-id-meta":"","stick-header-meta":"","header-above-stick-meta":"","header-main-stick-meta":"","header-below-stick-meta":"","astra-migrate-meta-layouts":"set","ast-page-background-enabled":"default","ast-page-background-meta":{"desktop":{"background-color":"","background-image":"","background-repeat":"repeat","background-position":"center center","background-size":"auto","background-attachment":"scroll","background-type":"","background-media":"","overlay-type":"","overlay-color":"","overlay-opacity":"","overlay-gradient":""},"tablet":{"background-color":"","background-image":"","background-repeat":"repeat","background-position":"center center","background-size":"auto","background-attachment":"scroll","background-type":"","background-media":"","overlay-type":"","overlay-color":"","overlay-opacity":"","overlay-gradient":""},"mobile":{"background-color":"","background-image":"","background-repeat":"repeat","background-position":"center center","background-size":"auto","background-attachment":"scroll","background-type":"","background-media":"","overlay-type":"","overlay-color":"","overlay-opacity":"","overlay-gradient":""}},"ast-content-background-meta":{"desktop":{"background-color":"var(--ast-global-color-5)","background-image":"","background-repeat":"repeat","background-position":"center center","background-size":"auto","background-attachment":"scroll","background-type":"","background-media":"","overlay-type":"","overlay-color":"","overlay-opacity":"","overlay-gradient":""},"tablet":{"background-color":"var(--ast-global-color-5)","background-image":"","background-repeat":"repeat","background-position":"center center","background-size":"auto","background-attachment":"scroll","background-type":"","background-media":"","overlay-type":"","overlay-color":"","overlay-opacity":"","overlay-gradient":""},"mobile":{"background-color":"var(--ast-global-color-5)","background-image":"","background-repeat":"repeat","background-position":"center center","background-size":"auto","background-attachment":"scroll","background-type":"","background-media":"","overlay-type":"","overlay-color":"","overlay-opacity":"","overlay-gradient":""}},"_mc_calendar":[],"footnotes":""},"class_list":["post-7454","page","type-page","status-publish","has-post-thumbnail","hentry"],"acf":[],"yoast_head":"<!-- This site is optimized with the Yoast SEO plugin v27.2 - https:\/\/yoast.com\/product\/yoast-seo-wordpress\/ -->\n<title>Atlanta 2024 Panelist Book Preorders - BABAMNA<\/title>\n<meta name=\"robots\" content=\"index, follow, max-snippet:-1, max-image-preview:large, max-video-preview:-1\" \/>\n<link rel=\"canonical\" href=\"https:\/\/babamna.org\/fr\/atlanta-2024-panelist-book-preorders\/\" \/>\n<meta property=\"og:locale\" content=\"fr_FR\" \/>\n<meta property=\"og:type\" content=\"article\" \/>\n<meta property=\"og:title\" content=\"Atlanta 2024 Panelist Book Preorders - BABAMNA\" \/>\n<meta property=\"og:description\" content=\"Preorder Panelist Books Preorders BABAMNA Convention, ATLANTA 2024, panelist books.\u00a0 Experience the excitement of BABAMNA Convention, Atlanta 2024! Preorder new books by our distinguished panelists and have them delivered and dedicated at the convention. Limited copies available &#8211; don&#8217;t miss out on this opportunity to meet your favorite panelist in person. Order your book now. [&hellip;]\" \/>\n<meta property=\"og:url\" content=\"https:\/\/babamna.org\/fr\/atlanta-2024-panelist-book-preorders\/\" \/>\n<meta property=\"og:site_name\" content=\"BABAMNA\" \/>\n<meta property=\"article:publisher\" content=\"https:\/\/www.facebook.com\/babamnacommunity\" \/>\n<meta property=\"article:modified_time\" content=\"2024-08-20T10:45:20+00:00\" \/>\n<meta property=\"og:image\" content=\"https:\/\/babamna.org\/wp-content\/uploads\/2024\/08\/Babamna-atlanta2024-panelist-books-001-COLLAGE.jpg\" \/>\n\t<meta property=\"og:image:width\" content=\"653\" \/>\n\t<meta property=\"og:image:height\" content=\"653\" \/>\n\t<meta property=\"og:image:type\" content=\"image\/jpeg\" \/>\n<meta name=\"twitter:card\" content=\"summary_large_image\" \/>\n<meta name=\"twitter:label1\" content=\"Dur\u00e9e de lecture estim\u00e9e\" \/>\n\t<meta name=\"twitter:data1\" content=\"1 minute\" \/>\n<script type=\"application\/ld+json\" class=\"yoast-schema-graph\">{\"@context\":\"https:\/\/schema.org\",\"@graph\":[{\"@type\":\"WebPage\",\"@id\":\"https:\/\/babamna.org\/atlanta-2024-panelist-book-preorders\/\",\"url\":\"https:\/\/babamna.org\/atlanta-2024-panelist-book-preorders\/\",\"name\":\"Atlanta 2024 Panelist Book Preorders - BABAMNA\",\"isPartOf\":{\"@id\":\"https:\/\/babamna.org\/#website\"},\"primaryImageOfPage\":{\"@id\":\"https:\/\/babamna.org\/atlanta-2024-panelist-book-preorders\/#primaryimage\"},\"image\":{\"@id\":\"https:\/\/babamna.org\/atlanta-2024-panelist-book-preorders\/#primaryimage\"},\"thumbnailUrl\":\"https:\/\/babamna.org\/wp-content\/uploads\/2024\/08\/Babamna-atlanta2024-panelist-books-001-COLLAGE.jpg\",\"datePublished\":\"2024-08-15T06:32:35+00:00\",\"dateModified\":\"2024-08-20T10:45:20+00:00\",\"breadcrumb\":{\"@id\":\"https:\/\/babamna.org\/atlanta-2024-panelist-book-preorders\/#breadcrumb\"},\"inLanguage\":\"fr-FR\",\"potentialAction\":[{\"@type\":\"ReadAction\",\"target\":[\"https:\/\/babamna.org\/atlanta-2024-panelist-book-preorders\/\"]}]},{\"@type\":\"ImageObject\",\"inLanguage\":\"fr-FR\",\"@id\":\"https:\/\/babamna.org\/atlanta-2024-panelist-book-preorders\/#primaryimage\",\"url\":\"https:\/\/babamna.org\/wp-content\/uploads\/2024\/08\/Babamna-atlanta2024-panelist-books-001-COLLAGE.jpg\",\"contentUrl\":\"https:\/\/babamna.org\/wp-content\/uploads\/2024\/08\/Babamna-atlanta2024-panelist-books-001-COLLAGE.jpg\",\"width\":653,\"height\":653},{\"@type\":\"BreadcrumbList\",\"@id\":\"https:\/\/babamna.org\/atlanta-2024-panelist-book-preorders\/#breadcrumb\",\"itemListElement\":[{\"@type\":\"ListItem\",\"position\":1,\"name\":\"Home\",\"item\":\"https:\/\/babamna.org\/\"},{\"@type\":\"ListItem\",\"position\":2,\"name\":\"Atlanta 2024 Panelist Book Preorders\"}]},{\"@type\":\"WebSite\",\"@id\":\"https:\/\/babamna.org\/#website\",\"url\":\"https:\/\/babamna.org\/\",\"name\":\"BABAMNA\",\"description\":\"Together for a better tomorrow\",\"publisher\":{\"@id\":\"https:\/\/babamna.org\/#organization\"},\"potentialAction\":[{\"@type\":\"SearchAction\",\"target\":{\"@type\":\"EntryPoint\",\"urlTemplate\":\"https:\/\/babamna.org\/?s={search_term_string}\"},\"query-input\":{\"@type\":\"PropertyValueSpecification\",\"valueRequired\":true,\"valueName\":\"search_term_string\"}}],\"inLanguage\":\"fr-FR\"},{\"@type\":\"Organization\",\"@id\":\"https:\/\/babamna.org\/#organization\",\"name\":\"BABAMNA\",\"url\":\"https:\/\/babamna.org\/\",\"logo\":{\"@type\":\"ImageObject\",\"inLanguage\":\"fr-FR\",\"@id\":\"https:\/\/babamna.org\/#\/schema\/logo\/image\/\",\"url\":\"https:\/\/babamna.org\/wp-content\/uploads\/2020\/07\/Logo-Babamna.png\",\"contentUrl\":\"https:\/\/babamna.org\/wp-content\/uploads\/2020\/07\/Logo-Babamna.png\",\"width\":3182,\"height\":2014,\"caption\":\"BABAMNA\"},\"image\":{\"@id\":\"https:\/\/babamna.org\/#\/schema\/logo\/image\/\"},\"sameAs\":[\"https:\/\/www.facebook.com\/babamnacommunity\"]}]}<\/script>\n<!-- \/ Yoast SEO plugin. -->","yoast_head_json":{"title":"Atlanta 2024 Panelist Book Preorders - BABAMNA","robots":{"index":"index","follow":"follow","max-snippet":"max-snippet:-1","max-image-preview":"max-image-preview:large","max-video-preview":"max-video-preview:-1"},"canonical":"https:\/\/babamna.org\/fr\/atlanta-2024-panelist-book-preorders\/","og_locale":"fr_FR","og_type":"article","og_title":"Atlanta 2024 Panelist Book Preorders - BABAMNA","og_description":"Preorder Panelist Books Preorders BABAMNA Convention, ATLANTA 2024, panelist books.\u00a0 Experience the excitement of BABAMNA Convention, Atlanta 2024! Preorder new books by our distinguished panelists and have them delivered and dedicated at the convention. Limited copies available &#8211; don&#8217;t miss out on this opportunity to meet your favorite panelist in person. Order your book now. [&hellip;]","og_url":"https:\/\/babamna.org\/fr\/atlanta-2024-panelist-book-preorders\/","og_site_name":"BABAMNA","article_publisher":"https:\/\/www.facebook.com\/babamnacommunity","article_modified_time":"2024-08-20T10:45:20+00:00","og_image":[{"width":653,"height":653,"url":"https:\/\/babamna.org\/wp-content\/uploads\/2024\/08\/Babamna-atlanta2024-panelist-books-001-COLLAGE.jpg","type":"image\/jpeg"}],"twitter_card":"summary_large_image","twitter_misc":{"Dur\u00e9e de lecture estim\u00e9e":"1 minute"},"schema":{"@context":"https:\/\/schema.org","@graph":[{"@type":"WebPage","@id":"https:\/\/babamna.org\/atlanta-2024-panelist-book-preorders\/","url":"https:\/\/babamna.org\/atlanta-2024-panelist-book-preorders\/","name":"Atlanta 2024 Panelist Book Preorders - BABAMNA","isPartOf":{"@id":"https:\/\/babamna.org\/#website"},"primaryImageOfPage":{"@id":"https:\/\/babamna.org\/atlanta-2024-panelist-book-preorders\/#primaryimage"},"image":{"@id":"https:\/\/babamna.org\/atlanta-2024-panelist-book-preorders\/#primaryimage"},"thumbnailUrl":"https:\/\/babamna.org\/wp-content\/uploads\/2024\/08\/Babamna-atlanta2024-panelist-books-001-COLLAGE.jpg","datePublished":"2024-08-15T06:32:35+00:00","dateModified":"2024-08-20T10:45:20+00:00","breadcrumb":{"@id":"https:\/\/babamna.org\/atlanta-2024-panelist-book-preorders\/#breadcrumb"},"inLanguage":"fr-FR","potentialAction":[{"@type":"ReadAction","target":["https:\/\/babamna.org\/atlanta-2024-panelist-book-preorders\/"]}]},{"@type":"ImageObject","inLanguage":"fr-FR","@id":"https:\/\/babamna.org\/atlanta-2024-panelist-book-preorders\/#primaryimage","url":"https:\/\/babamna.org\/wp-content\/uploads\/2024\/08\/Babamna-atlanta2024-panelist-books-001-COLLAGE.jpg","contentUrl":"https:\/\/babamna.org\/wp-content\/uploads\/2024\/08\/Babamna-atlanta2024-panelist-books-001-COLLAGE.jpg","width":653,"height":653},{"@type":"BreadcrumbList","@id":"https:\/\/babamna.org\/atlanta-2024-panelist-book-preorders\/#breadcrumb","itemListElement":[{"@type":"ListItem","position":1,"name":"Home","item":"https:\/\/babamna.org\/"},{"@type":"ListItem","position":2,"name":"Atlanta 2024 Panelist Book Preorders"}]},{"@type":"WebSite","@id":"https:\/\/babamna.org\/#website","url":"https:\/\/babamna.org\/","name":"BABAMNA","description":"Together for a better tomorrow","publisher":{"@id":"https:\/\/babamna.org\/#organization"},"potentialAction":[{"@type":"SearchAction","target":{"@type":"EntryPoint","urlTemplate":"https:\/\/babamna.org\/?s={search_term_string}"},"query-input":{"@type":"PropertyValueSpecification","valueRequired":true,"valueName":"search_term_string"}}],"inLanguage":"fr-FR"},{"@type":"Organization","@id":"https:\/\/babamna.org\/#organization","name":"BABAMNA","url":"https:\/\/babamna.org\/","logo":{"@type":"ImageObject","inLanguage":"fr-FR","@id":"https:\/\/babamna.org\/#\/schema\/logo\/image\/","url":"https:\/\/babamna.org\/wp-content\/uploads\/2020\/07\/Logo-Babamna.png","contentUrl":"https:\/\/babamna.org\/wp-content\/uploads\/2020\/07\/Logo-Babamna.png","width":3182,"height":2014,"caption":"BABAMNA"},"image":{"@id":"https:\/\/babamna.org\/#\/schema\/logo\/image\/"},"sameAs":["https:\/\/www.facebook.com\/babamnacommunity"]}]}},"post_mailing_queue_ids":[],"_links":{"self":[{"href":"https:\/\/babamna.org\/fr\/wp-json\/wp\/v2\/pages\/7454","targetHints":{"allow":["GET"]}}],"collection":[{"href":"https:\/\/babamna.org\/fr\/wp-json\/wp\/v2\/pages"}],"about":[{"href":"https:\/\/babamna.org\/fr\/wp-json\/wp\/v2\/types\/page"}],"author":[{"embeddable":true,"href":"https:\/\/babamna.org\/fr\/wp-json\/wp\/v2\/users\/2"}],"replies":[{"embeddable":true,"href":"https:\/\/babamna.org\/fr\/wp-json\/wp\/v2\/comments?post=7454"}],"version-history":[{"count":42,"href":"https:\/\/babamna.org\/fr\/wp-json\/wp\/v2\/pages\/7454\/revisions"}],"predecessor-version":[{"id":7672,"href":"https:\/\/babamna.org\/fr\/wp-json\/wp\/v2\/pages\/7454\/revisions\/7672"}],"wp:featuredmedia":[{"embeddable":true,"href":"https:\/\/babamna.org\/fr\/wp-json\/wp\/v2\/media\/7509"}],"wp:attachment":[{"href":"https:\/\/babamna.org\/fr\/wp-json\/wp\/v2\/media?parent=7454"}],"curies":[{"name":"wp","href":"https:\/\/api.w.org\/{rel}","templated":true}]}}