{"id":6914,"date":"2024-06-21T22:40:36","date_gmt":"2024-06-22T02:40:36","guid":{"rendered":"https:\/\/babamna.org\/?page_id=6914"},"modified":"2024-08-20T08:22:37","modified_gmt":"2024-08-20T12:22:37","slug":"atlanta-2024-general-assembly-meeting","status":"publish","type":"page","link":"https:\/\/babamna.org\/fr\/atlanta-2024-general-assembly-meeting\/","title":{"rendered":"Atlanta 2024 General Assembly Meeting"},"content":{"rendered":"<div data-elementor-type=\"wp-page\" data-elementor-id=\"6914\" class=\"elementor elementor-6914\" data-elementor-post-type=\"page\">\n\t\t\t\t<div class=\"has_ae_slider elementor-element elementor-element-523697a e-flex e-con-boxed ae-bg-gallery-type-default e-con e-parent\" data-id=\"523697a\" data-element_type=\"container\" data-settings=\"{&quot;background_background&quot;:&quot;classic&quot;}\">\n\t\t\t\t\t<div class=\"e-con-inner\">\n\t\t\t\t<div class=\"elementor-element elementor-element-6acb1c9 elementor-invisible elementor-widget elementor-widget-icon-box\" data-id=\"6acb1c9\" data-element_type=\"widget\" data-settings=\"{&quot;_animation&quot;:&quot;fadeInUp&quot;}\" data-widget_type=\"icon-box.default\">\n\t\t\t\t<div class=\"elementor-widget-container\">\n\t\t\t\t\t\t\t<div class=\"elementor-icon-box-wrapper\">\n\n\t\t\t\n\t\t\t\t\t\t<div class=\"elementor-icon-box-content\">\n\n\t\t\t\t\t\t\t\t\t<h3 class=\"elementor-icon-box-title\">\n\t\t\t\t\t\t<span  >\n\t\t\t\t\t\t\tAssembl\u00e9e g\u00e9n\u00e9rale de la Convention BABAMNA Atlanta 2024\t\t\t\t\t\t<\/span>\n\t\t\t\t\t<\/h3>\n\t\t\t\t\n\t\t\t\t\n\t\t\t<\/div>\n\t\t\t\n\t\t<\/div>\n\t\t\t\t\t\t<\/div>\n\t\t\t\t<\/div>\n\t\t\t\t\t<\/div>\n\t\t\t\t<\/div>\n\t\t<div class=\"has_ae_slider elementor-element elementor-element-66a2d4c e-grid e-con-boxed ae-bg-gallery-type-default e-con e-parent\" data-id=\"66a2d4c\" data-element_type=\"container\" data-settings=\"{&quot;background_background&quot;:&quot;classic&quot;}\">\n\t\t\t\t\t<div class=\"e-con-inner\">\n\t\t\t\t<div class=\"elementor-element elementor-element-392de6c elementor-position-left elementor-view-default elementor-mobile-position-top elementor-invisible elementor-widget elementor-widget-icon-box\" data-id=\"392de6c\" data-element_type=\"widget\" data-settings=\"{&quot;_animation&quot;:&quot;fadeInUp&quot;}\" data-widget_type=\"icon-box.default\">\n\t\t\t\t<div class=\"elementor-widget-container\">\n\t\t\t\t\t\t\t<div class=\"elementor-icon-box-wrapper\">\n\n\t\t\t\t\t\t<div class=\"elementor-icon-box-icon\">\n\t\t\t\t<span  class=\"elementor-icon\">\n\t\t\t\t<i aria-hidden=\"true\" class=\"icon icon-placeholder\"><\/i>\t\t\t\t<\/span>\n\t\t\t<\/div>\n\t\t\t\n\t\t\t\t\t\t<div class=\"elementor-icon-box-content\">\n\n\t\t\t\t\n\t\t\t\t\t\t\t\t\t<p class=\"elementor-icon-box-description\">\n\t\t\t\t\t\tGeorgia Gwinnett College<br>\n1000 University Center Lane<br>\nLawrenceville, GA 30043\t\t\t\t\t<\/p>\n\t\t\t\t\n\t\t\t<\/div>\n\t\t\t\n\t\t<\/div>\n\t\t\t\t\t\t<\/div>\n\t\t\t\t<\/div>\n\t\t\t\t<div class=\"elementor-element elementor-element-979078a elementor-position-left elementor-view-default elementor-mobile-position-top elementor-invisible elementor-widget elementor-widget-icon-box\" data-id=\"979078a\" data-element_type=\"widget\" data-settings=\"{&quot;_animation&quot;:&quot;fadeInUp&quot;}\" data-widget_type=\"icon-box.default\">\n\t\t\t\t<div class=\"elementor-widget-container\">\n\t\t\t\t\t\t\t<div class=\"elementor-icon-box-wrapper\">\n\n\t\t\t\t\t\t<div class=\"elementor-icon-box-icon\">\n\t\t\t\t<span  class=\"elementor-icon\">\n\t\t\t\t<i aria-hidden=\"true\" class=\"icon icon-calendar\"><\/i>\t\t\t\t<\/span>\n\t\t\t<\/div>\n\t\t\t\n\t\t\t\t\t\t<div class=\"elementor-icon-box-content\">\n\n\t\t\t\t\n\t\t\t\t\t\t\t\t\t<p class=\"elementor-icon-box-description\">\n\t\t\t\t\t\tSamedi 08\/31\/2024 \t\t\t\t\t<\/p>\n\t\t\t\t\n\t\t\t<\/div>\n\t\t\t\n\t\t<\/div>\n\t\t\t\t\t\t<\/div>\n\t\t\t\t<\/div>\n\t\t\t\t<div class=\"elementor-element elementor-element-9c3896f elementor-position-left elementor-view-default elementor-mobile-position-top elementor-invisible elementor-widget elementor-widget-icon-box\" data-id=\"9c3896f\" data-element_type=\"widget\" data-settings=\"{&quot;_animation&quot;:&quot;fadeInUp&quot;}\" data-widget_type=\"icon-box.default\">\n\t\t\t\t<div class=\"elementor-widget-container\">\n\t\t\t\t\t\t\t<div class=\"elementor-icon-box-wrapper\">\n\n\t\t\t\t\t\t<div class=\"elementor-icon-box-icon\">\n\t\t\t\t<span  class=\"elementor-icon\">\n\t\t\t\t<i aria-hidden=\"true\" class=\"far fa-clock\"><\/i>\t\t\t\t<\/span>\n\t\t\t<\/div>\n\t\t\t\n\t\t\t\t\t\t<div class=\"elementor-icon-box-content\">\n\n\t\t\t\t\n\t\t\t\t\t\t\t\t\t<p class=\"elementor-icon-box-description\">\n\t\t\t\t\t\t9H00 - 12H00\t\t\t\t\t<\/p>\n\t\t\t\t\n\t\t\t<\/div>\n\t\t\t\n\t\t<\/div>\n\t\t\t\t\t\t<\/div>\n\t\t\t\t<\/div>\n\t\t\t\t\t<\/div>\n\t\t\t\t<\/div>\n\t\t<div class=\"has_ae_slider elementor-element elementor-element-a02b9c5 e-flex e-con-boxed ae-bg-gallery-type-default e-con e-parent\" data-id=\"a02b9c5\" data-element_type=\"container\">\n\t\t\t\t\t<div class=\"e-con-inner\">\n\t\t<div class=\"has_ae_slider elementor-element elementor-element-7a29694 e-con-full e-flex ae-bg-gallery-type-default e-con e-child\" data-id=\"7a29694\" data-element_type=\"container\">\n\t\t\t\t<div class=\"elementor-element elementor-element-4ea952c elementor-widget__width-inherit elementor-invisible elementor-widget elementor-widget-image\" data-id=\"4ea952c\" data-element_type=\"widget\" data-settings=\"{&quot;_animation&quot;:&quot;fadeInUp&quot;}\" data-widget_type=\"image.default\">\n\t\t\t\t<div class=\"elementor-widget-container\">\n\t\t\t\t\t\t\t\t\t\t\t\t<figure class=\"wp-caption\">\n\t\t\t\t\t\t\t\t\t\t<img fetchpriority=\"high\" decoding=\"async\" width=\"768\" height=\"1024\" src=\"https:\/\/babamna.org\/wp-content\/uploads\/2023\/02\/paul-mandeng-IMG-20230129-WA0010-768x1024.jpg\" class=\"attachment-medium_large size-medium_large wp-image-5406\" alt=\"\" srcset=\"https:\/\/babamna.org\/wp-content\/uploads\/2023\/02\/paul-mandeng-IMG-20230129-WA0010-768x1024.jpg 768w, https:\/\/babamna.org\/wp-content\/uploads\/2023\/02\/paul-mandeng-IMG-20230129-WA0010-225x300.jpg 225w, https:\/\/babamna.org\/wp-content\/uploads\/2023\/02\/paul-mandeng-IMG-20230129-WA0010-9x12.jpg 9w, https:\/\/babamna.org\/wp-content\/uploads\/2023\/02\/paul-mandeng-IMG-20230129-WA0010.jpg 966w\" sizes=\"(max-width: 768px) 100vw, 768px\" \/>\t\t\t\t\t\t\t\t\t\t\t<figcaption class=\"widget-image-caption wp-caption-text\">Paul Mandeng Jr<\/figcaption>\n\t\t\t\t\t\t\t\t\t\t<\/figure>\n\t\t\t\t\t\t\t\t\t<\/div>\n\t\t\t\t<\/div>\n\t\t\t\t<\/div>\n\t\t<div class=\"has_ae_slider elementor-element elementor-element-5d3c4d6 e-con-full e-flex ae-bg-gallery-type-default e-con e-child\" data-id=\"5d3c4d6\" data-element_type=\"container\">\n\t\t\t\t<div class=\"elementor-element elementor-element-8d0cce8 elementor-invisible elementor-widget elementor-widget-text-editor\" data-id=\"8d0cce8\" data-element_type=\"widget\" data-settings=\"{&quot;_animation&quot;:&quot;fadeInUp&quot;}\" data-widget_type=\"text-editor.default\">\n\t\t\t\t<div class=\"elementor-widget-container\">\n\t\t\t\t\t\t\t\t\t<p>Bienvenue,<\/p><p>En tant que coordinateurs de l'assembl\u00e9e g\u00e9n\u00e9rale de la convention BABAMNA Atlanta 2024, nous vous remercions de votre pr\u00e9sence. L'assembl\u00e9e g\u00e9n\u00e9rale est le rendez-vous le plus important de la convention o\u00f9 les questions importantes li\u00e9es \u00e0 la gouvernance de BABAMNA sont d\u00e9battues et d\u00e9cid\u00e9es par nos membres.<\/p><p>Cette ann\u00e9e, nous avons voulu faire de la r\u00e9union de l'assembl\u00e9e g\u00e9n\u00e9rale une occasion d'impliquer le public, de lui donner un aper\u00e7u du fonctionnement interne de BABAMNA et la possibilit\u00e9 de participer activement aux discussions pour tracer de nouvelles voies vers l'avenir.<\/p><p>La r\u00e9union de l'assembl\u00e9e g\u00e9n\u00e9rale sera divis\u00e9e en deux parties.<\/p><p>La premi\u00e8re partie, de 9h00 \u00e0 10h15, sera consacr\u00e9e aux questions de gouvernance : rapport d'activit\u00e9, modification des statuts et \u00e9lection d'un nouveau bureau ex\u00e9cutif pour un mandat de deux ans.<\/p><p>Au cours de la deuxi\u00e8me partie, de 10h30 \u00e0 12h00, les invit\u00e9s rejoindront nos membres dans quatre sessions en petits groupes o\u00f9 des groupes de participants auront des discussions approfondies sur certains domaines d'int\u00e9r\u00eat et identifieront les 3 principales actions sur lesquelles BABAMNA devrait se concentrer au cours des 2 \u00e0 5 prochaines ann\u00e9es afin de relever de mani\u00e8re significative les d\u00e9fis dans la r\u00e9gion.\u00a0<\/p><p>Nous nous r\u00e9jouissons de nous rencontrer lors de la r\u00e9union de l'Assembl\u00e9e g\u00e9n\u00e9rale.<\/p><p><strong><em>Paul Mandeng Jr, Joseph Ngambi, PhD, Esq.<\/em><\/strong><\/p><p><strong><em>Co-coordinateur de l'organisation de la r\u00e9union de l'Assembl\u00e9e g\u00e9n\u00e9rale.<\/em><\/strong><\/p>\t\t\t\t\t\t\t\t<\/div>\n\t\t\t\t<\/div>\n\t\t\t\t<\/div>\n\t\t<div class=\"has_ae_slider elementor-element elementor-element-445e332 e-con-full e-flex ae-bg-gallery-type-default e-con e-child\" data-id=\"445e332\" data-element_type=\"container\">\n\t\t\t\t<div class=\"elementor-element elementor-element-e319a6b elementor-widget__width-inherit elementor-invisible elementor-widget elementor-widget-image\" data-id=\"e319a6b\" data-element_type=\"widget\" data-settings=\"{&quot;_animation&quot;:&quot;fadeInUp&quot;}\" data-widget_type=\"image.default\">\n\t\t\t\t<div class=\"elementor-widget-container\">\n\t\t\t\t\t\t\t\t\t\t\t\t<figure class=\"wp-caption\">\n\t\t\t\t\t\t\t\t\t\t<img decoding=\"async\" width=\"768\" height=\"768\" src=\"https:\/\/babamna.org\/wp-content\/uploads\/2024\/08\/joseph-ngambi-001-768x768.jpg\" class=\"attachment-medium_large size-medium_large wp-image-7419\" alt=\"\" srcset=\"https:\/\/babamna.org\/wp-content\/uploads\/2024\/08\/joseph-ngambi-001-768x768.jpg 768w, https:\/\/babamna.org\/wp-content\/uploads\/2024\/08\/joseph-ngambi-001-300x300.jpg 300w, https:\/\/babamna.org\/wp-content\/uploads\/2024\/08\/joseph-ngambi-001-1024x1024.jpg 1024w, https:\/\/babamna.org\/wp-content\/uploads\/2024\/08\/joseph-ngambi-001-150x150.jpg 150w, https:\/\/babamna.org\/wp-content\/uploads\/2024\/08\/joseph-ngambi-001-1536x1536.jpg 1536w, https:\/\/babamna.org\/wp-content\/uploads\/2024\/08\/joseph-ngambi-001-2048x2048.jpg 2048w, https:\/\/babamna.org\/wp-content\/uploads\/2024\/08\/joseph-ngambi-001-12x12.jpg 12w\" sizes=\"(max-width: 768px) 100vw, 768px\" \/>\t\t\t\t\t\t\t\t\t\t\t<figcaption class=\"widget-image-caption wp-caption-text\">Joseph Ngambi, Esq., PhD, <\/figcaption>\n\t\t\t\t\t\t\t\t\t\t<\/figure>\n\t\t\t\t\t\t\t\t\t<\/div>\n\t\t\t\t<\/div>\n\t\t\t\t<\/div>\n\t\t\t\t\t<\/div>\n\t\t\t\t<\/div>\n\t\t<div class=\"has_ae_slider elementor-element elementor-element-df96779 e-flex e-con-boxed ae-bg-gallery-type-default e-con e-parent\" data-id=\"df96779\" data-element_type=\"container\">\n\t\t\t\t\t<div class=\"e-con-inner\">\n\t\t\t\t<div class=\"elementor-element elementor-element-1d1a21f elementor-invisible elementor-widget elementor-widget-heading\" data-id=\"1d1a21f\" data-element_type=\"widget\" data-settings=\"{&quot;_animation&quot;:&quot;fadeInUp&quot;}\" data-widget_type=\"heading.default\">\n\t\t\t\t<div class=\"elementor-widget-container\">\n\t\t\t\t\t<h4 class=\"elementor-heading-title elementor-size-default\">Calendrier<\/h4>\t\t\t\t<\/div>\n\t\t\t\t<\/div>\n\t\t\t\t<div class=\"elementor-element elementor-element-7609868 elementor-widget elementor-widget-shortcode\" data-id=\"7609868\" data-element_type=\"widget\" data-widget_type=\"shortcode.default\">\n\t\t\t\t<div class=\"elementor-widget-container\">\n\t\t\t\t\t\t\t<div class=\"elementor-shortcode\">\n<table id=\"tablepress-4\" class=\"tablepress tablepress-id-4\">\n<thead>\n<tr class=\"row-1\">\n\t<th class=\"column-1\">L'heure<\/th><th class=\"column-2\">Activit\u00e9<\/th><th class=\"column-3\">Notes<\/th>\n<\/tr>\n<\/thead>\n<tbody class=\"row-striping row-hover\">\n<tr class=\"row-2\">\n\t<td class=\"column-1\">08H30 - 09H00<\/td><td class=\"column-2\">Arriv\u00e9e des participants<\/td><td class=\"column-3\"><\/td>\n<\/tr>\n<tr class=\"row-3\">\n\t<td class=\"column-1\">09H00 - 10H15<\/td><td class=\"column-2\">Huis clos r\u00e9serv\u00e9 aux membres<\/td><td class=\"column-3\">- Rapport d'activit\u00e9<br \/>\n- Modifications des statuts<br \/>\n- \u00c9lection des membres du CE<br \/>\n- Plan d'action \u00e0 long terme<\/td>\n<\/tr>\n<tr class=\"row-4\">\n\t<td class=\"column-1\">10 H 15 - 10 H 30<\/td><td class=\"column-2\">Arriv\u00e9e des invit\u00e9s<\/td><td class=\"column-3\"><\/td>\n<\/tr>\n<tr class=\"row-5\">\n\t<td class=\"column-1\">10H30 - 10H45<\/td><td class=\"column-2\">Pr\u00e9sentation th\u00e9matique<\/td><td class=\"column-3\"><\/td>\n<\/tr>\n<tr class=\"row-6\">\n\t<td class=\"column-1\">10 H 45 - 11 H 30 <\/td><td class=\"column-2\">S\u00e9ances en petits groupes<\/td><td class=\"column-3\"><\/td>\n<\/tr>\n<tr class=\"row-7\">\n\t<td class=\"column-1\">11H30 - 11H50<\/td><td class=\"column-2\">Recommandations pour les sessions en petits groupes<\/td><td class=\"column-3\"><\/td>\n<\/tr>\n<tr class=\"row-8\">\n\t<td class=\"column-1\">11 H 50 - 12 H 00<\/td><td class=\"column-2\">R\u00e9capitulation<\/td><td class=\"column-3\"><\/td>\n<\/tr>\n<\/tbody>\n<tfoot>\n<tr class=\"row-9\">\n\t<td class=\"column-1\"><\/td><td class=\"column-2\"><\/td><td class=\"column-3\"><\/td>\n<\/tr>\n<\/tfoot>\n<\/table>\n<!-- #tablepress-4 from cache --><\/div>\n\t\t\t\t\t\t<\/div>\n\t\t\t\t<\/div>\n\t\t\t\t\t<\/div>\n\t\t\t\t<\/div>\n\t\t\t\t<\/div>","protected":false},"excerpt":{"rendered":"<p>BABAMNA Atlanta 2024 Convention General Assembly Meeting Georgia Gwinnett College 1000 University Center Lane Lawrenceville, GA 30043 Saturday 08\/31\/2024 9:00AM &#8211; 12:00PM Paul Mandeng Jr Welcome, As co-coordinators of\u00a0 BABAMNA Atlanta 2024 convention General Assembly meeting, we are grateful that you are here.\u00a0 The General Assembly meeting is the most important rendezvous of the convention [&hellip;]<\/p>","protected":false},"author":2,"featured_media":0,"parent":0,"menu_order":0,"comment_status":"closed","ping_status":"closed","template":"","meta":{"_acf_changed":false,"site-sidebar-layout":"no-sidebar","site-content-layout":"page-builder","ast-site-content-layout":"full-width-container","site-content-style":"default","site-sidebar-style":"default","ast-global-header-display":"","ast-banner-title-visibility":"","ast-main-header-display":"","ast-hfb-above-header-display":"","ast-hfb-below-header-display":"","ast-hfb-mobile-header-display":"","site-post-title":"disabled","ast-breadcrumbs-content":"","ast-featured-img":"disabled","footer-sml-layout":"","theme-transparent-header-meta":"default","adv-header-id-meta":"","stick-header-meta":"","header-above-stick-meta":"","header-main-stick-meta":"","header-below-stick-meta":"","astra-migrate-meta-layouts":"set","ast-page-background-enabled":"default","ast-page-background-meta":{"desktop":{"background-color":"","background-image":"","background-repeat":"repeat","background-position":"center center","background-size":"auto","background-attachment":"scroll","background-type":"","background-media":"","overlay-type":"","overlay-color":"","overlay-opacity":"","overlay-gradient":""},"tablet":{"background-color":"","background-image":"","background-repeat":"repeat","background-position":"center center","background-size":"auto","background-attachment":"scroll","background-type":"","background-media":"","overlay-type":"","overlay-color":"","overlay-opacity":"","overlay-gradient":""},"mobile":{"background-color":"","background-image":"","background-repeat":"repeat","background-position":"center center","background-size":"auto","background-attachment":"scroll","background-type":"","background-media":"","overlay-type":"","overlay-color":"","overlay-opacity":"","overlay-gradient":""}},"ast-content-background-meta":{"desktop":{"background-color":"var(--ast-global-color-5)","background-image":"","background-repeat":"repeat","background-position":"center center","background-size":"auto","background-attachment":"scroll","background-type":"","background-media":"","overlay-type":"","overlay-color":"","overlay-opacity":"","overlay-gradient":""},"tablet":{"background-color":"var(--ast-global-color-5)","background-image":"","background-repeat":"repeat","background-position":"center center","background-size":"auto","background-attachment":"scroll","background-type":"","background-media":"","overlay-type":"","overlay-color":"","overlay-opacity":"","overlay-gradient":""},"mobile":{"background-color":"var(--ast-global-color-5)","background-image":"","background-repeat":"repeat","background-position":"center center","background-size":"auto","background-attachment":"scroll","background-type":"","background-media":"","overlay-type":"","overlay-color":"","overlay-opacity":"","overlay-gradient":""}},"_mc_calendar":[],"footnotes":""},"class_list":["post-6914","page","type-page","status-publish","hentry"],"acf":[],"yoast_head":"<!-- This site is optimized with the Yoast SEO plugin v27.2 - https:\/\/yoast.com\/product\/yoast-seo-wordpress\/ -->\n<title>Atlanta 2024 General Assembly Meeting - BABAMNA<\/title>\n<meta name=\"robots\" content=\"index, follow, max-snippet:-1, max-image-preview:large, max-video-preview:-1\" \/>\n<link rel=\"canonical\" href=\"https:\/\/babamna.org\/fr\/atlanta-2024-general-assembly-meeting\/\" \/>\n<meta property=\"og:locale\" content=\"fr_FR\" \/>\n<meta property=\"og:type\" content=\"article\" \/>\n<meta property=\"og:title\" content=\"Atlanta 2024 General Assembly Meeting - BABAMNA\" \/>\n<meta property=\"og:description\" content=\"BABAMNA Atlanta 2024 Convention General Assembly Meeting Georgia Gwinnett College 1000 University Center Lane Lawrenceville, GA 30043 Saturday 08\/31\/2024 9:00AM &#8211; 12:00PM Paul Mandeng Jr Welcome, As co-coordinators of\u00a0 BABAMNA Atlanta 2024 convention General Assembly meeting, we are grateful that you are here.\u00a0 The General Assembly meeting is the most important rendezvous of the convention [&hellip;]\" \/>\n<meta property=\"og:url\" content=\"https:\/\/babamna.org\/fr\/atlanta-2024-general-assembly-meeting\/\" \/>\n<meta property=\"og:site_name\" content=\"BABAMNA\" \/>\n<meta property=\"article:publisher\" content=\"https:\/\/www.facebook.com\/babamnacommunity\" \/>\n<meta property=\"article:modified_time\" content=\"2024-08-20T12:22:37+00:00\" \/>\n<meta property=\"og:image\" content=\"https:\/\/babamna.org\/wp-content\/uploads\/2023\/02\/paul-mandeng-IMG-20230129-WA0010-768x1024.jpg\" \/>\n<meta name=\"twitter:card\" content=\"summary_large_image\" \/>\n<meta name=\"twitter:label1\" content=\"Dur\u00e9e de lecture estim\u00e9e\" \/>\n\t<meta name=\"twitter:data1\" content=\"1 minute\" \/>\n<script type=\"application\/ld+json\" class=\"yoast-schema-graph\">{\"@context\":\"https:\/\/schema.org\",\"@graph\":[{\"@type\":\"WebPage\",\"@id\":\"https:\/\/babamna.org\/atlanta-2024-general-assembly-meeting\/\",\"url\":\"https:\/\/babamna.org\/atlanta-2024-general-assembly-meeting\/\",\"name\":\"Atlanta 2024 General Assembly Meeting - BABAMNA\",\"isPartOf\":{\"@id\":\"https:\/\/babamna.org\/#website\"},\"primaryImageOfPage\":{\"@id\":\"https:\/\/babamna.org\/atlanta-2024-general-assembly-meeting\/#primaryimage\"},\"image\":{\"@id\":\"https:\/\/babamna.org\/atlanta-2024-general-assembly-meeting\/#primaryimage\"},\"thumbnailUrl\":\"https:\/\/babamna.org\/wp-content\/uploads\/2023\/02\/paul-mandeng-IMG-20230129-WA0010-768x1024.jpg\",\"datePublished\":\"2024-06-22T02:40:36+00:00\",\"dateModified\":\"2024-08-20T12:22:37+00:00\",\"breadcrumb\":{\"@id\":\"https:\/\/babamna.org\/atlanta-2024-general-assembly-meeting\/#breadcrumb\"},\"inLanguage\":\"fr-FR\",\"potentialAction\":[{\"@type\":\"ReadAction\",\"target\":[\"https:\/\/babamna.org\/atlanta-2024-general-assembly-meeting\/\"]}]},{\"@type\":\"ImageObject\",\"inLanguage\":\"fr-FR\",\"@id\":\"https:\/\/babamna.org\/atlanta-2024-general-assembly-meeting\/#primaryimage\",\"url\":\"https:\/\/babamna.org\/wp-content\/uploads\/2023\/02\/paul-mandeng-IMG-20230129-WA0010-768x1024.jpg\",\"contentUrl\":\"https:\/\/babamna.org\/wp-content\/uploads\/2023\/02\/paul-mandeng-IMG-20230129-WA0010-768x1024.jpg\"},{\"@type\":\"BreadcrumbList\",\"@id\":\"https:\/\/babamna.org\/atlanta-2024-general-assembly-meeting\/#breadcrumb\",\"itemListElement\":[{\"@type\":\"ListItem\",\"position\":1,\"name\":\"Home\",\"item\":\"https:\/\/babamna.org\/\"},{\"@type\":\"ListItem\",\"position\":2,\"name\":\"Atlanta 2024 General Assembly Meeting\"}]},{\"@type\":\"WebSite\",\"@id\":\"https:\/\/babamna.org\/#website\",\"url\":\"https:\/\/babamna.org\/\",\"name\":\"BABAMNA\",\"description\":\"Together for a better tomorrow\",\"publisher\":{\"@id\":\"https:\/\/babamna.org\/#organization\"},\"potentialAction\":[{\"@type\":\"SearchAction\",\"target\":{\"@type\":\"EntryPoint\",\"urlTemplate\":\"https:\/\/babamna.org\/?s={search_term_string}\"},\"query-input\":{\"@type\":\"PropertyValueSpecification\",\"valueRequired\":true,\"valueName\":\"search_term_string\"}}],\"inLanguage\":\"fr-FR\"},{\"@type\":\"Organization\",\"@id\":\"https:\/\/babamna.org\/#organization\",\"name\":\"BABAMNA\",\"url\":\"https:\/\/babamna.org\/\",\"logo\":{\"@type\":\"ImageObject\",\"inLanguage\":\"fr-FR\",\"@id\":\"https:\/\/babamna.org\/#\/schema\/logo\/image\/\",\"url\":\"https:\/\/babamna.org\/wp-content\/uploads\/2020\/07\/Logo-Babamna.png\",\"contentUrl\":\"https:\/\/babamna.org\/wp-content\/uploads\/2020\/07\/Logo-Babamna.png\",\"width\":3182,\"height\":2014,\"caption\":\"BABAMNA\"},\"image\":{\"@id\":\"https:\/\/babamna.org\/#\/schema\/logo\/image\/\"},\"sameAs\":[\"https:\/\/www.facebook.com\/babamnacommunity\"]}]}<\/script>\n<!-- \/ Yoast SEO plugin. -->","yoast_head_json":{"title":"Atlanta 2024 General Assembly Meeting - BABAMNA","robots":{"index":"index","follow":"follow","max-snippet":"max-snippet:-1","max-image-preview":"max-image-preview:large","max-video-preview":"max-video-preview:-1"},"canonical":"https:\/\/babamna.org\/fr\/atlanta-2024-general-assembly-meeting\/","og_locale":"fr_FR","og_type":"article","og_title":"Atlanta 2024 General Assembly Meeting - BABAMNA","og_description":"BABAMNA Atlanta 2024 Convention General Assembly Meeting Georgia Gwinnett College 1000 University Center Lane Lawrenceville, GA 30043 Saturday 08\/31\/2024 9:00AM &#8211; 12:00PM Paul Mandeng Jr Welcome, As co-coordinators of\u00a0 BABAMNA Atlanta 2024 convention General Assembly meeting, we are grateful that you are here.\u00a0 The General Assembly meeting is the most important rendezvous of the convention [&hellip;]","og_url":"https:\/\/babamna.org\/fr\/atlanta-2024-general-assembly-meeting\/","og_site_name":"BABAMNA","article_publisher":"https:\/\/www.facebook.com\/babamnacommunity","article_modified_time":"2024-08-20T12:22:37+00:00","og_image":[{"url":"https:\/\/babamna.org\/wp-content\/uploads\/2023\/02\/paul-mandeng-IMG-20230129-WA0010-768x1024.jpg","type":"","width":"","height":""}],"twitter_card":"summary_large_image","twitter_misc":{"Dur\u00e9e de lecture estim\u00e9e":"1 minute"},"schema":{"@context":"https:\/\/schema.org","@graph":[{"@type":"WebPage","@id":"https:\/\/babamna.org\/atlanta-2024-general-assembly-meeting\/","url":"https:\/\/babamna.org\/atlanta-2024-general-assembly-meeting\/","name":"Atlanta 2024 General Assembly Meeting - BABAMNA","isPartOf":{"@id":"https:\/\/babamna.org\/#website"},"primaryImageOfPage":{"@id":"https:\/\/babamna.org\/atlanta-2024-general-assembly-meeting\/#primaryimage"},"image":{"@id":"https:\/\/babamna.org\/atlanta-2024-general-assembly-meeting\/#primaryimage"},"thumbnailUrl":"https:\/\/babamna.org\/wp-content\/uploads\/2023\/02\/paul-mandeng-IMG-20230129-WA0010-768x1024.jpg","datePublished":"2024-06-22T02:40:36+00:00","dateModified":"2024-08-20T12:22:37+00:00","breadcrumb":{"@id":"https:\/\/babamna.org\/atlanta-2024-general-assembly-meeting\/#breadcrumb"},"inLanguage":"fr-FR","potentialAction":[{"@type":"ReadAction","target":["https:\/\/babamna.org\/atlanta-2024-general-assembly-meeting\/"]}]},{"@type":"ImageObject","inLanguage":"fr-FR","@id":"https:\/\/babamna.org\/atlanta-2024-general-assembly-meeting\/#primaryimage","url":"https:\/\/babamna.org\/wp-content\/uploads\/2023\/02\/paul-mandeng-IMG-20230129-WA0010-768x1024.jpg","contentUrl":"https:\/\/babamna.org\/wp-content\/uploads\/2023\/02\/paul-mandeng-IMG-20230129-WA0010-768x1024.jpg"},{"@type":"BreadcrumbList","@id":"https:\/\/babamna.org\/atlanta-2024-general-assembly-meeting\/#breadcrumb","itemListElement":[{"@type":"ListItem","position":1,"name":"Home","item":"https:\/\/babamna.org\/"},{"@type":"ListItem","position":2,"name":"Atlanta 2024 General Assembly Meeting"}]},{"@type":"WebSite","@id":"https:\/\/babamna.org\/#website","url":"https:\/\/babamna.org\/","name":"BABAMNA","description":"Together for a better tomorrow","publisher":{"@id":"https:\/\/babamna.org\/#organization"},"potentialAction":[{"@type":"SearchAction","target":{"@type":"EntryPoint","urlTemplate":"https:\/\/babamna.org\/?s={search_term_string}"},"query-input":{"@type":"PropertyValueSpecification","valueRequired":true,"valueName":"search_term_string"}}],"inLanguage":"fr-FR"},{"@type":"Organization","@id":"https:\/\/babamna.org\/#organization","name":"BABAMNA","url":"https:\/\/babamna.org\/","logo":{"@type":"ImageObject","inLanguage":"fr-FR","@id":"https:\/\/babamna.org\/#\/schema\/logo\/image\/","url":"https:\/\/babamna.org\/wp-content\/uploads\/2020\/07\/Logo-Babamna.png","contentUrl":"https:\/\/babamna.org\/wp-content\/uploads\/2020\/07\/Logo-Babamna.png","width":3182,"height":2014,"caption":"BABAMNA"},"image":{"@id":"https:\/\/babamna.org\/#\/schema\/logo\/image\/"},"sameAs":["https:\/\/www.facebook.com\/babamnacommunity"]}]}},"post_mailing_queue_ids":[],"_links":{"self":[{"href":"https:\/\/babamna.org\/fr\/wp-json\/wp\/v2\/pages\/6914","targetHints":{"allow":["GET"]}}],"collection":[{"href":"https:\/\/babamna.org\/fr\/wp-json\/wp\/v2\/pages"}],"about":[{"href":"https:\/\/babamna.org\/fr\/wp-json\/wp\/v2\/types\/page"}],"author":[{"embeddable":true,"href":"https:\/\/babamna.org\/fr\/wp-json\/wp\/v2\/users\/2"}],"replies":[{"embeddable":true,"href":"https:\/\/babamna.org\/fr\/wp-json\/wp\/v2\/comments?post=6914"}],"version-history":[{"count":34,"href":"https:\/\/babamna.org\/fr\/wp-json\/wp\/v2\/pages\/6914\/revisions"}],"predecessor-version":[{"id":7704,"href":"https:\/\/babamna.org\/fr\/wp-json\/wp\/v2\/pages\/6914\/revisions\/7704"}],"wp:attachment":[{"href":"https:\/\/babamna.org\/fr\/wp-json\/wp\/v2\/media?parent=6914"}],"curies":[{"name":"wp","href":"https:\/\/api.w.org\/{rel}","templated":true}]}}